{"id":969,"date":"2018-02-07T11:24:37","date_gmt":"2018-02-07T11:24:37","guid":{"rendered":"http:\/\/web1.grizworld\/easyflair\/?page_id=969"},"modified":"2025-11-13T15:19:18","modified_gmt":"2025-11-13T14:19:18","slug":"easyflair-service-de-barman-jongleur-a-geneve-suisse-2-2","status":"publish","type":"page","link":"https:\/\/www.easyflair.ch\/fr\/","title":{"rendered":"Easyflair &#8211; Service de barman jongleur \u00e0 Gen\u00e8ve et en Suisse"},"content":{"rendered":"<div id=\"cs-content\" class=\"cs-content\" >\n<div class=\"e969-1 x-section\" >\n    \n<div class=\"x-bg\" aria-hidden=\"true\" >\n  <div class=\"x-bg-layer-lower-image\" data-x-element=\"bg_layer\" data-x-params=\"{&quot;parallaxSize&quot;:&quot;150%&quot;,&quot;parallaxDir&quot;:&quot;v&quot;,&quot;parallaxRev&quot;:false}\" style=\" background-image: url(https:\/\/www.easyflair.ch\/wp-content\/uploads\/2020\/06\/easyflair-homepage.jpg); background-repeat: repeat-x; background-position: center; background-size: cover;\" ><\/div>  <\/div>\n  \n<div class=\"e969-2 x-row x-container max width\" >\n  <div class=\"x-row-inner\">\n    \n<div class=\"e969-3 x-col\" >\n    \n<div class=\"e969-4 x-text x-text-headline\" >\n  <div class=\"x-text-content\"><div class=\"x-text-content-text\"><h1 class=\"x-text-content-text-primary\">Une prestation sur mesure gr\u00e2ce une \u00e9quipe de Barmen Professionnels<\/h1><\/div><\/div><\/div>\n<\/div>\n  <\/div>\n  <\/div>\n  <\/div>\n\n<div class=\"e969-5 x-section\" >\n      \n<div class=\"e969-6 x-row x-container max width\" >\n  <div class=\"x-row-inner\">\n    \n<div class=\"e969-7 x-col\" >\n    \n<div class=\"e969-8 x-text\" >\n  <p style=\"text-align: center; font-size: 1.1em\">Parce que chaque \u00e9v\u00e8nement est unique et que les parties boissons et animations sont la cl\u00e9 du divertissement, il est essentiel de bien choisir la formule qui vous convient.<\/p>\n<p style=\"text-align: center; font-size: 1.1em\"><strong>A Gen\u00e8ve et \u00e0 travers toute la Suisse Romande, Easyflair<\/strong> vous accompagne dans tous vos \u00e9v\u00e8nements. Avec plus de dix ans d\u2019exp\u00e9rience dans l\u2019\u00e9v\u00e8nementiel priv\u00e9 et professionnel, notre \u00e9quipe de barmen mixologues vous proposera diff\u00e9rentes formules. Du mariage \u00e0 l\u2019anniversaire en passant par les salons ou congr\u00e8s professionnels, vous serez enchant\u00e9s des animations propos\u00e9es autour du cocktail. A travers des recettes uniques et raffin\u00e9es vous aurez m\u00eame la possibilit\u00e9 d\u2019y ajouter un brin de magie pour le plus grand plaisir de vos invit\u00e9s.<\/p><\/div>\n<\/div>\n  <\/div>\n  <\/div>\n  <\/div>\n\n<div class=\"e969-9 x-section\" >\n      \n<div class=\"e969-10 x-container max width\" >\n    \n<div class=\"e969-11 x-column x-sm x-1-1\" >\n    \n<div class=\"e969-12 x-text x-text-headline\" >\n  <div class=\"x-text-content\"><div class=\"x-text-content-text\"><h3 class=\"x-text-content-text-primary\">Nos prestations<\/h3><\/div><\/div><\/div>\n<\/div>\n<\/div>\n\n<div class=\"e969-13 x-container max width\" >\n    \n<div class=\"e969-14 x-column x-sm x-1-4\" data-fade=\"1\" data-x-element=\"column\" data-x-params=\"{&quot;fade&quot;:true}\" style=\"opacity: 0; transform: translate(0, 80px); transition-duration: 2s;\" >\n    \n<span class=\"e969-15 x-image\" >\n  <img alt=\"Image\" src=\"https:\/\/www.easyflair.ch\/wp-content\/uploads\/2020\/06\/easyflair-barman.jpg\" width=\"200\" height=\"200\" >\n<\/span>\n\n<div class=\"e969-16 x-text x-text-headline\" >\n  <div class=\"x-text-content\"><div class=\"x-text-content-text\"><h2 class=\"x-text-content-text-primary\">Barman \u00e0 votre Service<\/h2><\/div><\/div><\/div>\n\n<div class=\"e969-17 x-text\" >\n  <p style=\"text-align: justify;\">Un barman se d\u00e9place avec son \u00e9quipe et les boissons, pour vous offrir une prestation sur mesure qui \u00e9blouira vos invit\u00e9s. Du mocktail au cocktail en passant par les Champagne ou encore une collection de Whiskey, votre Barman servira les boissons dans des verres originaux pour le plaisir de vos convives.<\/p><\/div>\n<\/div>\n\n<div class=\"e969-18 x-column x-sm x-1-4\" data-fade=\"1\" data-x-element=\"column\" data-x-params=\"{&quot;fade&quot;:true}\" style=\"opacity: 0; transform: translate(0, 70px); transition-duration: 2s;\" >\n    \n<span class=\"e969-19 x-image\" >\n  <img alt=\"Image\" src=\"https:\/\/www.easyflair.ch\/wp-content\/uploads\/2020\/06\/easyflair-barman-jongleur.jpg\" width=\"200\" height=\"200\" >\n<\/span>\n\n<div class=\"e969-20 x-text x-text-headline\" >\n  <div class=\"x-text-content\"><div class=\"x-text-content-text\"><h2 class=\"x-text-content-text-primary\">Barman Jongleur<\/h2><\/div><\/div><\/div>\n\n<div class=\"e969-21 x-text\" >\n  <p style=\"text-align: justify;\">Si vous souhaitez ajouter du sensationnel \u00e0 votre soir\u00e9e, laissez vous tenter par un show de Flair, ex\u00e9cut\u00e9 avec une parfaite dext\u00e9rit\u00e9. Un instant magique pendant lequel Votre Barman jonglera, effectuera des tours de magie et bien plus encore. Au rythme de la musique, ce show ajoutera une touche toute particuli\u00e8re de divertissement \u00e0 votre \u00e9v\u00e8nement.<\/p><\/div>\n<\/div>\n\n<div class=\"e969-22 x-column x-sm x-1-4\" data-fade=\"1\" data-x-element=\"column\" data-x-params=\"{&quot;fade&quot;:true}\" style=\"opacity: 0; transform: translate(0, 60px); transition-duration: 2s;\" >\n    \n<span class=\"e969-23 x-image\" >\n  <img alt=\"Image\" src=\"https:\/\/www.easyflair.ch\/wp-content\/uploads\/2020\/06\/easyflair-atelier.jpg\" width=\"200\" height=\"200\" >\n<\/span>\n\n<div class=\"e969-24 x-text x-text-headline\" >\n  <div class=\"x-text-content\"><div class=\"x-text-content-text\"><h2 class=\"x-text-content-text-primary\">Atelier Cocktails<\/h2><\/div><\/div><\/div>\n\n<div class=\"e969-25 x-text\" >\n  <p style=\"text-align: justify;\">Les ateliers sont parfaits d\u00e9couvrir les myst\u00e8res de la mixologie et partager l\u2019exp\u00e9rience entre amis, famille ou coll\u00e8gues. EVJF, Teambuilding, Salons Professionnels, la pr\u00e9paration de cocktails n\u2019aura plus de secrets pour les participants et cr\u00e9era une atmosph\u00e8re chaleureuse autour de la d\u00e9gustation.<\/p><\/div>\n<\/div>\n\n<div class=\"e969-26 x-column x-sm x-1-4\" data-fade=\"1\" data-x-element=\"column\" data-x-params=\"{&quot;fade&quot;:true}\" style=\"opacity: 0; transform: translate(0, 50px); transition-duration: 2s;\" >\n    \n<span class=\"e969-27 x-image\" >\n  <img alt=\"Image\" src=\"https:\/\/www.easyflair.ch\/wp-content\/uploads\/2020\/06\/easyflair-bar.jpg\" width=\"200\" height=\"200\" >\n<\/span>\n\n<div class=\"e969-28 x-text x-text-headline\" >\n  <div class=\"x-text-content\"><div class=\"x-text-content-text\"><h2 class=\"x-text-content-text-primary\">Station de Bar<\/h2><\/div><\/div><\/div>\n\n<div class=\"e969-29 x-text\" >\n  <p style=\"text-align: justify;\">Un bar mobile personnalisable est mis \u00e0 votre disposition pour servir les boissons. A l\u2019emplacement de votre choix, ce comptoir peut \u00eatre customiser avec une photo, un logo ou encore la date du jour pour un effet magique. Affirmez l\u2019ambiance de votre \u00e9v\u00e8nement en y ajoutant votre touche personnelle.<\/p><\/div>\n<\/div>\n<\/div>\n  <\/div>\n\n<div class=\"e969-30 x-section\" >\n      \n<div class=\"e969-31 x-container max width\" >\n    \n<div class=\"e969-32 x-column x-sm x-1-1\" >\n    \n<div class=\"e969-33 x-text\" >\n  Depuis 2009, Easyflair est reconnu comme un pionnier dans le domaine du bar \u00e0 domicile et de l\u2019animation cocktail. Habitu\u00e9 \u00e0 servir une client\u00e8le prestigieuse et Internationale, vous pourrez compter sur notre savoir-faire et notre discr\u00e9tion lors de vos \u00e9v\u00e9nements.<\/div>\n<\/div>\n<\/div>\n  <\/div>\n\n<div class=\"e969-34 x-section\" >\n    \n<div class=\"x-bg\" aria-hidden=\"true\" >\n  <div class=\"x-bg-layer-lower-image\" data-x-element=\"bg_layer\" data-x-params=\"{&quot;parallaxSize&quot;:&quot;150%&quot;,&quot;parallaxDir&quot;:&quot;v&quot;,&quot;parallaxRev&quot;:false}\" style=\" background-image: url(https:\/\/www.easyflair.ch\/wp-content\/uploads\/2018\/02\/easyflair-Barman-Jongleur-Domicile-Geneve-AccueilBanner.jpg); background-repeat: no-repeat; background-position: center; background-size: cover;\" ><\/div>  <div class=\"x-bg-layer-upper-color\" style=\" background-color: rgba(255, 255, 255, 0.65);\" ><\/div><\/div>\n  \n<div class=\"e969-35 x-container max width\" >\n    \n<div class=\"e969-36 x-column x-sm x-1-1\" >\n    \n<div class=\"e969-37 x-text x-text-headline\" >\n  <div class=\"x-text-content\"><div class=\"x-text-content-text\"><h3 class=\"x-text-content-text-primary\">Partenaire du Groupe Mo\u00ebt & Henessy<\/h3><\/div><\/div><\/div>\n<\/div>\n<\/div>\n  <\/div>\n\n<div class=\"e969-38 x-section\" >\n      \n<div class=\"e969-39 x-container max width\" >\n    \n<div class=\"e969-40 x-column x-sm x-1-1\" >\n    \n<div class=\"e969-41 x-text x-text-headline\" >\n  <div class=\"x-text-content\"><div class=\"x-text-content-text\"><h2 class=\"x-text-content-text-primary\">Ils nous font confiance<\/h2><\/div><\/div><\/div>\n<\/div>\n<\/div>\n\n<div class=\"e969-42 x-container max width\" >\n    \n<div class=\"e969-43 x-column x-sm x-1-4\" data-fade=\"1\" data-x-element=\"column\" data-x-params=\"{&quot;fade&quot;:true}\" style=\"opacity: 0; transform: translate(0, 50px); transition-duration: 2s;\" >\n    \n<span class=\"e969-44 x-image\" >\n  <img alt=\"Image\" src=\"https:\/\/www.easyflair.ch\/wp-content\/uploads\/2018\/02\/easyflair-Barman-Jongleur-Domicile-Geneve-121.png\" width=\"162\" height=\"50\" >\n<\/span>\n<\/div>\n\n<div class=\"e969-45 x-column x-sm x-1-4\" data-fade=\"1\" data-x-element=\"column\" data-x-params=\"{&quot;fade&quot;:true}\" style=\"opacity: 0; transform: translate(0, 60px); transition-duration: 2s;\" >\n    \n<span class=\"e969-46 x-image\" >\n  <img alt=\"Image\" src=\"https:\/\/www.easyflair.ch\/wp-content\/uploads\/2018\/02\/easyflair-Barman-Jongleur-Domicile-Geneve-120.png\" width=\"129\" height=\"50\" >\n<\/span>\n<\/div>\n\n<div class=\"e969-47 x-column x-sm x-1-4\" data-fade=\"1\" data-x-element=\"column\" data-x-params=\"{&quot;fade&quot;:true}\" style=\"opacity: 0; transform: translate(0, 70px); transition-duration: 2s;\" >\n    \n<span class=\"e969-48 x-image\" >\n  <img alt=\"Image\" src=\"https:\/\/www.easyflair.ch\/wp-content\/uploads\/2018\/02\/easyflair-Barman-Jongleur-Domicile-Geneve-24.png\" width=\"251\" height=\"50\" >\n<\/span>\n<\/div>\n\n<div class=\"e969-49 x-column x-sm x-1-4\" data-fade=\"1\" data-x-element=\"column\" data-x-params=\"{&quot;fade&quot;:true}\" style=\"opacity: 0; transform: translate(0, 80px); transition-duration: 2s;\" >\n    \n<span class=\"e969-50 x-image\" >\n  <img alt=\"Image\" src=\"https:\/\/www.easyflair.ch\/wp-content\/uploads\/2018\/02\/easyflair-Barman-Jongleur-Domicile-Geneve-43.png\" width=\"133\" height=\"50\" >\n<\/span>\n<\/div>\n<\/div>\n  <\/div>\n\n<div class=\"e969-51 x-section\" >\n      \n<div class=\"e969-52 x-container max width\" >\n  \n<div class=\"x-bg\" aria-hidden=\"true\" >\n    <\/div>\n  \n<div class=\"e969-53 x-column x-sm x-1-1\" >\n    \n\t\t\t<!-- START Easyflair  Video Accueil REVOLUTION SLIDER 6.2.2 --><p class=\"rs-p-wp-fix\"><\/p>\n\t\t\t<rs-module-wrap id=\"rev_slider_1_1_wrapper\" data-source=\"gallery\" style=\"background:transparent;padding:0;margin:0px auto;margin-top:0;margin-bottom:0;max-width:\">\n\t\t\t\t<rs-module id=\"rev_slider_1_1\" style=\"display:none;\" data-version=\"6.2.2\">\n\t\t\t\t\t<rs-slides>\n\t\t\t\t\t\t<rs-slide data-key=\"rs-1\" data-title=\"Slide\" data-anim=\"ei:d;eo:d;s:d;r:0;t:notransition;sl:d;\">\n\t\t\t\t\t\t\t<img src=\"\/\/img.youtube.com\/vi\/R67J_iehcLI\/maxresdefault.jpg\" title=\"Easyflair &#8211; Service de barman jongleur \u00e0 Gen\u00e8ve et en Suisse\" class=\"rev-slidebg\" data-no-retina>\n\t\t\t\t\t\t\t<rs-bgvideo \n\t\t\t\t\t\t\t\tdata-video=\"vc:none;w:100%;h:100%;l:loopandnoslidestop;ptimer:false;\"\n\t\t\t\t\t\t\t\tdata-ytid=\"R67J_iehcLI\"\n\t\t\t\t\t\t\t\tdata-vatr=\"version=3&amp;enablejsapi=1&amp;html5=1&amp;hd=1&amp;wmode=opaque&amp;showinfo=0&amp;rel=0&amp;origin=https:\/\/www.easyflair.ch;\"\n\t\t\t\t\t\t\t><\/rs-bgvideo>\n<!---->\t\t\t\t\t\t<\/rs-slide>\n\t\t\t\t\t<\/rs-slides>\n\t\t\t\t\t<rs-progress class=\"rs-bottom\" style=\"visibility: hidden !important;\"><\/rs-progress>\n\t\t\t\t<\/rs-module>\n\t\t\t\t<script type=\"text\/javascript\">\n\t\t\t\t\tsetREVStartSize({c: 'rev_slider_1_1',rl:[1240,1024,778,480],el:[],gw:[1200],gh:[700],type:'standard',justify:'',layout:'fullwidth',mh:\"0\"});\n\t\t\t\t\tvar\trevapi1,\n\t\t\t\t\t\ttpj;\n\t\t\t\t\tjQuery(function() {\n\t\t\t\t\t\ttpj = jQuery;\n\t\t\t\t\t\tif(tpj(\"#rev_slider_1_1\").revolution == undefined){\n\t\t\t\t\t\t\trevslider_showDoubleJqueryError(\"#rev_slider_1_1\");\n\t\t\t\t\t\t}else{\n\t\t\t\t\t\t\trevapi1 = tpj(\"#rev_slider_1_1\").show().revolution({\n\t\t\t\t\t\t\t\tjsFileLocation:\"\/\/www.easyflair.ch\/wp-content\/plugins\/revslider\/public\/assets\/js\/\",\n\t\t\t\t\t\t\t\tvisibilityLevels:\"1240,1024,778,480\",\n\t\t\t\t\t\t\t\tgridwidth:1200,\n\t\t\t\t\t\t\t\tgridheight:700,\n\t\t\t\t\t\t\t\tresponsiveLevels:\"1240,1024,778,480\",\n\t\t\t\t\t\t\t\tdisableProgressBar:\"on\",\n\t\t\t\t\t\t\t\tnavigation: {\n\t\t\t\t\t\t\t\t\tonHoverStop:false\n\t\t\t\t\t\t\t\t},\n\t\t\t\t\t\t\t\tfallbacks: {\n\t\t\t\t\t\t\t\t\tallowHTML5AutoPlayOnAndroid:true\n\t\t\t\t\t\t\t\t},\n\t\t\t\t\t\t\t});\n\t\t\t\t\t\t}\n\t\t\t\t\t\t\n\t\t\t\t\t});\n\t\t\t\t<\/script>\n\t\t\t<\/rs-module-wrap>\n\t\t\t<!-- END REVOLUTION SLIDER -->\n<\/div>\n<\/div>\n  <\/div>\n<span id=\"x-responsive-text-1\" data-x-element=\"responsive_text\" data-x-params=\"{&quot;selector&quot;:&quot;.h-responsive&quot;,&quot;compression&quot;:&quot;1.0&quot;,&quot;minFontSize&quot;:&quot;24&quot;,&quot;maxFontSize&quot;:&quot;96&quot;}\" ><\/span><\/div>\n","protected":false},"excerpt":{"rendered":"<p>Une prestation sur mesure gr\u00e2ce une \u00e9quipe de Barmen Professionnels Parce que chaque \u00e9v\u00e8nement est unique et que les parties boissons et animations sont la cl\u00e9 du divertissement, il est essentiel de bien choisir la formule qui vous convient. A Gen\u00e8ve et \u00e0 travers toute la Suisse Romande, Easyflair vous accompagne dans tous vos \u00e9v\u00e8nements. Avec plus de dix ans &#8230; <\/p>\n<div><a href=\"https:\/\/www.easyflair.ch\/fr\/\" class=\"more-link\">Read More<\/a><\/div>\n","protected":false},"author":6,"featured_media":0,"parent":0,"menu_order":0,"comment_status":"closed","ping_status":"closed","template":"template-blank-4.php","meta":{"_monsterinsights_skip_tracking":false,"_monsterinsights_sitenote_active":false,"_monsterinsights_sitenote_note":"","_monsterinsights_sitenote_category":0,"_joinchat":[]},"acf":[],"yoast_head":"<!-- This site is optimized with the Yoast SEO plugin v14.2 - https:\/\/yoast.com\/wordpress\/plugins\/seo\/ -->\n<title>Easyflair - Service de barman jongleur \u00e0 Gen\u00e8ve et en Suisse - Easyflair<\/title>\n<meta name=\"description\" content=\"Easyflair, soci\u00e9t\u00e9 de barmans jongleurs sp\u00e9cialis\u00e9e dans l&#039;animation de mariage, soir\u00e9e priv\u00e9e ou d&#039;entreprise \u00e0 Gen\u00e8ve, Lausanne et en Suisse Romande\" \/>\n<meta name=\"robots\" content=\"index, follow\" \/>\n<meta name=\"googlebot\" content=\"index, follow, max-snippet:-1, max-image-preview:large, max-video-preview:-1\" \/>\n<meta name=\"bingbot\" content=\"index, follow, max-snippet:-1, max-image-preview:large, max-video-preview:-1\" \/>\n<link rel=\"canonical\" href=\"https:\/\/www.easyflair.ch\/fr\/\" \/>\n<meta property=\"og:locale\" content=\"fr_FR\" \/>\n<meta property=\"og:type\" content=\"article\" \/>\n<meta property=\"og:title\" content=\"Easyflair - Service de barman jongleur \u00e0 Gen\u00e8ve et en Suisse - Easyflair\" \/>\n<meta property=\"og:description\" content=\"Easyflair, soci\u00e9t\u00e9 de barmans jongleurs sp\u00e9cialis\u00e9e dans l&#039;animation de mariage, soir\u00e9e priv\u00e9e ou d&#039;entreprise \u00e0 Gen\u00e8ve, Lausanne et en Suisse Romande\" \/>\n<meta property=\"og:url\" content=\"https:\/\/www.easyflair.ch\/fr\/\" \/>\n<meta property=\"og:site_name\" content=\"Easyflair\" \/>\n<meta property=\"article:modified_time\" content=\"2025-11-13T14:19:18+00:00\" \/>\n<meta property=\"og:image\" content=\"https:\/\/www.easyflair.ch\/wp-content\/uploads\/2020\/06\/easyflair-barman.jpg\" \/>\n<meta name=\"twitter:card\" content=\"summary_large_image\" \/>\n<script type=\"application\/ld+json\" class=\"yoast-schema-graph\">{\"@context\":\"https:\/\/schema.org\",\"@graph\":[{\"@type\":\"WebSite\",\"@id\":\"https:\/\/www.easyflair.ch\/fr\/#website\",\"url\":\"https:\/\/www.easyflair.ch\/fr\/\",\"name\":\"Easyflair\",\"description\":\"Service de barman jongleur \\u00e0 Gen\\u00e8ve et en Suisse\",\"potentialAction\":[{\"@type\":\"SearchAction\",\"target\":\"https:\/\/www.easyflair.ch\/fr\/?s={search_term_string}\",\"query-input\":\"required name=search_term_string\"}],\"inLanguage\":\"fr-FR\"},{\"@type\":\"ImageObject\",\"@id\":\"https:\/\/www.easyflair.ch\/fr\/#primaryimage\",\"inLanguage\":\"fr-FR\",\"url\":\"https:\/\/www.easyflair.ch\/wp-content\/uploads\/2020\/06\/easyflair-barman.jpg\",\"width\":400,\"height\":400,\"caption\":\"Easyflair Barman\"},{\"@type\":\"WebPage\",\"@id\":\"https:\/\/www.easyflair.ch\/fr\/#webpage\",\"url\":\"https:\/\/www.easyflair.ch\/fr\/\",\"name\":\"Easyflair - Service de barman jongleur \\u00e0 Gen\\u00e8ve et en Suisse - Easyflair\",\"isPartOf\":{\"@id\":\"https:\/\/www.easyflair.ch\/fr\/#website\"},\"primaryImageOfPage\":{\"@id\":\"https:\/\/www.easyflair.ch\/fr\/#primaryimage\"},\"datePublished\":\"2018-02-07T11:24:37+00:00\",\"dateModified\":\"2025-11-13T14:19:18+00:00\",\"description\":\"Easyflair, soci\\u00e9t\\u00e9 de barmans jongleurs sp\\u00e9cialis\\u00e9e dans l'animation de mariage, soir\\u00e9e priv\\u00e9e ou d'entreprise \\u00e0 Gen\\u00e8ve, Lausanne et en Suisse Romande\",\"inLanguage\":\"fr-FR\",\"potentialAction\":[{\"@type\":\"ReadAction\",\"target\":[\"https:\/\/www.easyflair.ch\/fr\/\"]}]}]}<\/script>\n<!-- \/ Yoast SEO plugin. -->","_links":{"self":[{"href":"https:\/\/www.easyflair.ch\/fr\/wp-json\/wp\/v2\/pages\/969"}],"collection":[{"href":"https:\/\/www.easyflair.ch\/fr\/wp-json\/wp\/v2\/pages"}],"about":[{"href":"https:\/\/www.easyflair.ch\/fr\/wp-json\/wp\/v2\/types\/page"}],"author":[{"embeddable":true,"href":"https:\/\/www.easyflair.ch\/fr\/wp-json\/wp\/v2\/users\/6"}],"replies":[{"embeddable":true,"href":"https:\/\/www.easyflair.ch\/fr\/wp-json\/wp\/v2\/comments?post=969"}],"version-history":[{"count":21,"href":"https:\/\/www.easyflair.ch\/fr\/wp-json\/wp\/v2\/pages\/969\/revisions"}],"predecessor-version":[{"id":27363,"href":"https:\/\/www.easyflair.ch\/fr\/wp-json\/wp\/v2\/pages\/969\/revisions\/27363"}],"wp:attachment":[{"href":"https:\/\/www.easyflair.ch\/fr\/wp-json\/wp\/v2\/media?parent=969"}],"curies":[{"name":"wp","href":"https:\/\/api.w.org\/{rel}","templated":true}]}}