{"id":6804,"date":"2018-02-12T22:01:10","date_gmt":"2018-02-12T22:01:10","guid":{"rendered":"https:\/\/www.easyflair.ch\/?page_id=6804"},"modified":"2025-05-08T22:24:25","modified_gmt":"2025-05-08T21:24:25","slug":"contact","status":"publish","type":"page","link":"https:\/\/www.easyflair.ch\/fr\/contact\/","title":{"rendered":"Contact"},"content":{"rendered":"<div id=\"cs-content\" class=\"cs-content\" >\n<div class=\"e6804-1 x-section\" >\n      \n<div class=\"e6804-2 x-container max width\" >\n    \n<div class=\"e6804-3 x-column x-sm x-1-1\" >\n    \n<div class=\"e6804-4 x-text\" >\n  <h3 style=\"text-align: center;\">Easyflair Sarl<\/h3><p style=\"text-align: center;\"><em>Route des jeunes, 6<\/em><\/p><p style=\"text-align: center;\"><em>1227 Gen\u00e8ve \u2013 Suisse<\/em><\/p><\/div>\n\n<div class=\"e6804-5 x-text\" >\n  <br><br><p><em>Nous nous tenons \u00e0 votre disposition pour parler de votre \u00e9v\u00e9nement et vous proposer une solution personnalis\u00e9e!<\/em><\/p><p><em>Pour toutes vos questions, contactez-nous:<\/em><\/p><p><em>+41 22 519.21.66 \/ +41 78 948.67.27<\/em><\/p><\/div>\n<\/div>\n<\/div>\n\n<div class=\"e6804-6 x-container max width\" >\n    \n<div class=\"e6804-7 x-column x-sm x-1-1\" >\n    \n<div class=\"e6804-8 x-text x-text-headline\" >\n  <div class=\"x-text-content\"><div class=\"x-text-content-text\"><p class=\"x-text-content-text-primary\">Nous contacter<\/p><\/div><\/div><\/div>\n\n<div class=\"e6804-9 x-bar-content-area\" >\n  <div role=\"form\" class=\"wpcf7\" id=\"wpcf7-f20754-o1\" lang=\"fr-FR\" dir=\"ltr\">\n<div class=\"screen-reader-response\"><p role=\"status\" aria-live=\"polite\" aria-atomic=\"true\"><\/p> <ul><\/ul><\/div>\n<form action=\"\/fr\/wp-json\/wp\/v2\/pages\/6804#wpcf7-f20754-o1\" method=\"post\" class=\"wpcf7-form init\" novalidate=\"novalidate\" data-status=\"init\">\n<div style=\"display: none;\">\n<input type=\"hidden\" name=\"_wpcf7\" value=\"20754\" \/>\n<input type=\"hidden\" name=\"_wpcf7_version\" value=\"5.4.2\" \/>\n<input type=\"hidden\" name=\"_wpcf7_locale\" value=\"fr_FR\" \/>\n<input type=\"hidden\" name=\"_wpcf7_unit_tag\" value=\"wpcf7-f20754-o1\" \/>\n<input type=\"hidden\" name=\"_wpcf7_container_post\" value=\"0\" \/>\n<input type=\"hidden\" name=\"_wpcf7_posted_data_hash\" value=\"\" \/>\n<input type=\"hidden\" name=\"_wpcf7_recaptcha_response\" value=\"\" \/>\n<\/div>\n<p><label> Votre nom (Obligatoire)<br \/>\n    <span class=\"wpcf7-form-control-wrap your-name\"><input type=\"text\" name=\"your-name\" value=\"\" size=\"40\" class=\"wpcf7-form-control wpcf7-text wpcf7-validates-as-required\" aria-required=\"true\" aria-invalid=\"false\" \/><\/span> <\/label><\/p>\n<p><label> Votre e-mail (Obligatoire)<br \/>\n    <span class=\"wpcf7-form-control-wrap your-email\"><input type=\"email\" name=\"your-email\" value=\"\" size=\"40\" class=\"wpcf7-form-control wpcf7-text wpcf7-email wpcf7-validates-as-required wpcf7-validates-as-email\" aria-required=\"true\" aria-invalid=\"false\" \/><\/span> <\/label><\/p>\n<p><label> Votre T\u00e9l (Obligatoire)<br \/>\n    <span class=\"wpcf7-form-control-wrap your-phone\"><input type=\"tel\" name=\"your-phone\" value=\"\" size=\"40\" class=\"wpcf7-form-control wpcf7-text wpcf7-tel wpcf7-validates-as-required wpcf7-validates-as-tel\" aria-required=\"true\" aria-invalid=\"false\" \/><\/span> <\/label><\/p>\n<p><label> Objet<br \/>\n    <span class=\"wpcf7-form-control-wrap your-subject\"><input type=\"text\" name=\"your-subject\" value=\"\" size=\"40\" class=\"wpcf7-form-control wpcf7-text\" aria-invalid=\"false\" \/><\/span> <\/label><\/p>\n<p><label> Votre message<br \/>\n    <span class=\"wpcf7-form-control-wrap your-message\"><textarea name=\"your-message\" cols=\"40\" rows=\"10\" class=\"wpcf7-form-control wpcf7-textarea\" aria-invalid=\"false\"><\/textarea><\/span> <\/label><\/p>\n<p><input type=\"submit\" value=\"Envoyer\" class=\"wpcf7-form-control wpcf7-submit\" \/><\/p>\n<div class=\"wpcf7-response-output\" aria-hidden=\"true\"><\/div><\/form><\/div><\/div>\n<\/div>\n<\/div>\n  <\/div>\n<\/div>\n","protected":false},"excerpt":{"rendered":"<p>Easyflair SarlRoute des jeunes, 61227 Gen\u00e8ve \u2013 Suisse Nous nous tenons \u00e0 votre disposition pour parler de votre \u00e9v\u00e9nement et vous proposer une solution personnalis\u00e9e!Pour toutes vos questions, contactez-nous:+41 22 519.21.66 \/ +41 78 948.67.27 Nous contacter Votre nom (Obligatoire) Votre e-mail (Obligatoire) Votre T\u00e9l (Obligatoire) Objet Votre message<\/p>\n","protected":false},"author":6,"featured_media":0,"parent":0,"menu_order":0,"comment_status":"closed","ping_status":"closed","template":"template-blank-1.php","meta":{"_monsterinsights_skip_tracking":false,"_monsterinsights_sitenote_active":false,"_monsterinsights_sitenote_note":"","_monsterinsights_sitenote_category":0,"_joinchat":[]},"acf":[],"yoast_head":"<!-- This site is optimized with the Yoast SEO plugin v14.2 - https:\/\/yoast.com\/wordpress\/plugins\/seo\/ -->\n<title>Contact Easyflair \u2013 Barman, ateliers cocktails &amp; animations en Suisse<\/title>\n<meta name=\"description\" content=\"Contactez Easyflair pour organiser votre \u00e9v\u00e9nement en Suisse : barman flair, ateliers cocktails, bars mobiles et animations\u00a0sur\u00a0mesure.\" \/>\n<meta name=\"robots\" content=\"index, follow\" \/>\n<meta name=\"googlebot\" content=\"index, follow, max-snippet:-1, max-image-preview:large, max-video-preview:-1\" \/>\n<meta name=\"bingbot\" content=\"index, follow, max-snippet:-1, max-image-preview:large, max-video-preview:-1\" \/>\n<link rel=\"canonical\" href=\"https:\/\/www.easyflair.ch\/fr\/contact\/\" \/>\n<meta property=\"og:locale\" content=\"fr_FR\" \/>\n<meta property=\"og:type\" content=\"article\" \/>\n<meta property=\"og:title\" content=\"Contact Easyflair \u2013 Barman, ateliers cocktails &amp; animations en Suisse\" \/>\n<meta property=\"og:description\" content=\"Contactez Easyflair pour organiser votre \u00e9v\u00e9nement en Suisse : barman flair, ateliers cocktails, bars mobiles et animations\u00a0sur\u00a0mesure.\" \/>\n<meta property=\"og:url\" content=\"https:\/\/www.easyflair.ch\/fr\/contact\/\" \/>\n<meta property=\"og:site_name\" content=\"Easyflair\" \/>\n<meta property=\"article:modified_time\" content=\"2025-05-08T21:24:25+00:00\" \/>\n<meta name=\"twitter:card\" content=\"summary_large_image\" \/>\n<script type=\"application\/ld+json\" class=\"yoast-schema-graph\">{\"@context\":\"https:\/\/schema.org\",\"@graph\":[{\"@type\":\"WebSite\",\"@id\":\"https:\/\/www.easyflair.ch\/fr\/#website\",\"url\":\"https:\/\/www.easyflair.ch\/fr\/\",\"name\":\"Easyflair\",\"description\":\"Service de barman jongleur \\u00e0 Gen\\u00e8ve et en Suisse\",\"potentialAction\":[{\"@type\":\"SearchAction\",\"target\":\"https:\/\/www.easyflair.ch\/fr\/?s={search_term_string}\",\"query-input\":\"required name=search_term_string\"}],\"inLanguage\":\"fr-FR\"},{\"@type\":\"WebPage\",\"@id\":\"https:\/\/www.easyflair.ch\/fr\/contact\/#webpage\",\"url\":\"https:\/\/www.easyflair.ch\/fr\/contact\/\",\"name\":\"Contact Easyflair \\u2013 Barman, ateliers cocktails & animations en Suisse\",\"isPartOf\":{\"@id\":\"https:\/\/www.easyflair.ch\/fr\/#website\"},\"datePublished\":\"2018-02-12T22:01:10+00:00\",\"dateModified\":\"2025-05-08T21:24:25+00:00\",\"description\":\"Contactez Easyflair pour organiser votre \\u00e9v\\u00e9nement en Suisse : barman flair, ateliers cocktails, bars mobiles et animations\\u00a0sur\\u00a0mesure.\",\"inLanguage\":\"fr-FR\",\"potentialAction\":[{\"@type\":\"ReadAction\",\"target\":[\"https:\/\/www.easyflair.ch\/fr\/contact\/\"]}]}]}<\/script>\n<!-- \/ Yoast SEO plugin. -->","_links":{"self":[{"href":"https:\/\/www.easyflair.ch\/fr\/wp-json\/wp\/v2\/pages\/6804"}],"collection":[{"href":"https:\/\/www.easyflair.ch\/fr\/wp-json\/wp\/v2\/pages"}],"about":[{"href":"https:\/\/www.easyflair.ch\/fr\/wp-json\/wp\/v2\/types\/page"}],"author":[{"embeddable":true,"href":"https:\/\/www.easyflair.ch\/fr\/wp-json\/wp\/v2\/users\/6"}],"replies":[{"embeddable":true,"href":"https:\/\/www.easyflair.ch\/fr\/wp-json\/wp\/v2\/comments?post=6804"}],"version-history":[{"count":4,"href":"https:\/\/www.easyflair.ch\/fr\/wp-json\/wp\/v2\/pages\/6804\/revisions"}],"predecessor-version":[{"id":20755,"href":"https:\/\/www.easyflair.ch\/fr\/wp-json\/wp\/v2\/pages\/6804\/revisions\/20755"}],"wp:attachment":[{"href":"https:\/\/www.easyflair.ch\/fr\/wp-json\/wp\/v2\/media?parent=6804"}],"curies":[{"name":"wp","href":"https:\/\/api.w.org\/{rel}","templated":true}]}}