{"id":6801,"date":"2018-02-12T21:56:16","date_gmt":"2018-02-12T21:56:16","guid":{"rendered":"https:\/\/www.easyflair.ch\/?page_id=6801"},"modified":"2026-04-29T12:26:27","modified_gmt":"2026-04-29T11:26:27","slug":"conditions-generales","status":"publish","type":"page","link":"https:\/\/www.easyflair.ch\/fr\/conditions-generales\/","title":{"rendered":"Conditions G\u00e9n\u00e9rales"},"content":{"rendered":"<h3><strong>CONDITIONS GENERALES<\/strong><\/h3>\n<h4><strong>ARTICLE 1. OBJET DU CONTRAT<\/strong><\/h4>\n<p>Le pr\u00e9sent contrat est un contrat de prestation de service ayant pour objet l\u2019animation d\u2019une soir\u00e9e\u00a0priv\u00e9e.<\/p>\n<h4><strong>ARTICLE 2. OBLIGATIONS DU PRESTATAIRE<\/strong><\/h4>\n<p>2.1 Easyflair s\u2019engage \u00e0 se conformer aux r\u00e8glements en usage dans l\u2019\u00e9tablissement ainsi qu\u2019aux\u00a0lois et le r\u00e8glement en vigueur dans le pays.<\/p>\n<p>2.2 Le prestataire s\u2019engage \u00e0 mener \u00e0 bien la t\u00e2che pr\u00e9cis\u00e9e \u00e0 l\u2019article 1, conform\u00e9ment aux r\u00e8gles\u00a0de l\u2019art et de la meilleure mani\u00e8re.<\/p>\n<p>A cet effet, il constituera l\u2019\u00e9quipe n\u00e9cessaire \u00e0 la r\u00e9alisation de la mission.<\/p>\n<p>2.3 Notre personnel arrivera par d\u00e9faut 1h avant le d\u00e9but de votre \u00e9v\u00e8nement pour installer le mat\u00e9riel et se mettre en place pour le service. Nous pouvons sur demande venir plus t\u00f4t moyennant un suppl\u00e9ment voir un second d\u00e9placement dans certain cas.<\/p>\n<h4><strong>ARTICLE 3. OBLIGATIONS DU CLIENT<\/strong><\/h4>\n<p>3.1 Le client, seul responsable de la prestation qu\u2019il organise aura \u00e0 sa charge, toutes les\u00a0d\u00e9clarations et demandes d\u2019autorisations administratives \u00e0 faire en temps.<\/p>\n<p>3.2 Dans le cas o\u00f9 le client ne choisit pas l\u2019option bar chez Easyflair, il s\u2019engage \u00e0 fournir le\u00a0mat\u00e9riel ad\u00e9quat (de pr\u00e9f\u00e9rence un bar 1m10 de hauteur et 2m de longueur avec 3 bacs pour la glace et fruits ainsi\u00a0qu\u2019une ou plusieurs \u00e9tag\u00e8res int\u00e9gr\u00e9s au bar). Toutefois, pour de petits \u00e9v\u00e9nements, il est possible que le client mette \u00e0 disposition une table, console, \u00eelot central ou autre meuble\u2026 Le client restera seul responsable de ce plan de travail et Easyflair ne pourra \u00eatre tenue responsable en cas de d\u00e9t\u00e9rioration. N\u2019h\u00e9sitez donc pas \u00e0 pr\u00e9voir une protection si besoin.<\/p>\n<p>3.3 Le client doit pr\u00e9voir un emplacement derri\u00e8re le bar de 2m de long et de 1,5m de profondeur\u00a0pour chaque barman jongleur.<\/p>\n<p>3.4 Les bars Easyflair sont install\u00e9s par les barmans avant leur mise en place (soit 1h \/ avant\u00a0le d\u00e9but de notre service) et sont repris lors du d\u00e9part des barmans (soit 1h apr\u00e8s la fin du service). Dans le cas o\u00f9 vous\u00a0souhaiteriez que les bars soient install\u00e9s bien avant ou repris bien apr\u00e8s les heures de travail des\u00a0barmans, un suppl\u00e9ment sera factur\u00e9 (150.-HT minimum).<\/p>\n<p>3.5 Pour toutes prestations Easyflair, le client doit pr\u00e9voir un emplacement pour stationner un\u00a0v\u00e9hicule le plus proche possible du lieu de notre intervention. \u00c9galement nous pr\u00e9venir si l\u2019acc\u00e8s au lieu est difficile.<\/p>\n<p>3.6 Pour toutes prestations avec les bars Easyflair, le client doit pr\u00e9voir 2 emplacements de\u00a0parking successifs le plus proche possible du lieu de notre intervention. Venant qu\u2019une heure avant si nous devons avoir une grosse manutention des bars il est imp\u00e9ratif de nous pr\u00e9venir afin que nous pr\u00e9voyons du temps suppl\u00e9mentaire (tarification suppl\u00e9mentaire en fonction de la difficult\u00e9).<\/p>\n<p>3.7 Le client doit imp\u00e9rativement utiliser dans un rayon de 3m autour du bar des mati\u00e8res\u00a0ignifug\u00e9es. Le client doit \u00e9galement enlever tous objets susceptibles de casser, de br\u00fbler et\/ou de s\u2019ab\u00eemer.\u00a0(Rideau, voile, miroir, statut, oeuvre d\u2019art, vitrine\u2026) et prot\u00e9ger \u00e9galement le sol. Dans le cas contraire, aucune action en justice\u00a0ou d\u00e9dommagement ne pourra \u00eatre demand\u00e9 \u00e0 la soci\u00e9t\u00e9 Easyflair.<\/p>\n<p>3.8 Pour toutes prestations \u00e0 la soir\u00e9e (plus de 5h pr\u00e9sence), il vous sera demand\u00e9 de fournir une\u00a0collation \u00e0 chaque barman.<\/p>\n<p>3.9 Le Show Easyflair se fait sur fond musical que nous fournissons au Dj afin de pouvoir faire un show (exhibition plusieurs \u00e9l\u00e9ments) puis du Speed flair (service des boissons en jonglant) pendant le service. Si absence de Dj, le barman fera uniquement du speed flair.<\/p>\n<p>3.10 Les Activit\u00e9s Atelier &amp; Master cocktails qui se font dans nos restaurants partenaires nous r\u00e9servons les tables en fonction du nombres de participants \u00e0 l\u2019activit\u00e9 qui d\u00e9termine le nombre de personnes qui doivent rester manger.<\/p>\n<p>3.11 Si vous d\u00e9sirez allonger ou d\u00e9caler les horaires de Service ou Atelier \/ Master Cocktails, un suppl\u00e9ment pour le personnel et la r\u00e9alisation des drinks vous sera demand\u00e9. Cela est \u00e9galement le cas si vous \u00eates plus nombreux que le nombre indiqu\u00e9 dans le devis (*version consommation illimit\u00e9es) un suppl\u00e9ment vous sera demand\u00e9 au prorata du nombre de personnes.<\/p>\n<p>3.12 Toutes photos ou vid\u00e9os pendant nos prestations doivent obtenir notre approbation. Pour des raisons compr\u00e9hensibles, les activit\u00e9s (Atelier \/ Master cocktails physique ou virtuel) nous interdisons formellement l\u2019enregistrement de vid\u00e9os.<\/p>\n<h4><strong>ARTICLE 4. RESERVATION \/ CONFIRMATION<\/strong><\/h4>\n<p style=\"text-align: left;\">4.1 Pour confirmer le devis, nous vous remercions de nous retourner le devis sign\u00e9 via le lien se trouvant dans le mail devis \u00ab\u00a0demande de confirmation\u00a0\u00bb.<\/p>\n<h4><strong>ARTICLE 5. ANNULATION<\/strong><\/h4>\n<p>5.1 Dans le cadre ou vous souhaiteriez annuler notre prestation, merci de nous faire parvenir un mail \u00e0 contact@easyflair.ch. Nous vous reviendrons avec confirmation des frais qui pourrait vous \u00eatre\u00a0demand\u00e9 dont voici le bar\u00e8me.<br \/>\nApr\u00e8s confirmation du devis \u2013&gt; 30% de la somme totale.<br \/>\nMoins de 1 mois avant l\u2019\u00e9v\u00e8nement \u2013&gt; 50% de la somme totale.<br \/>\nMoins de 15 jours avant l\u2019\u00e9v\u00e8nement \u2013&gt; 70% de la somme totale.<br \/>\nMoins de 7 jours avant l\u2019\u00e9v\u00e8nement \u2013&gt; 100% de la somme totale.<\/p>\n<p>Toutes annulations d\u00e9finitives de votre part sans report engendrera des frais de p\u00e9nalit\u00e9s de minimum 30% (voir conditions ci-dessus).<\/p>\n<h4><strong>ARTICLE 6. CONDITIONS DE PAIEMENT<\/strong><\/h4>\n<p>6.1\u00a0En tant que priv\u00e9 ou soci\u00e9t\u00e9 \u00e9trang\u00e8re:<br \/>\n\u2013 Le\u00a0r\u00e8glement doit \u00eatre sur notre compte bancaire au plus tard 20 jours ouvr\u00e9s avant la date de l\u2019\u00e9v\u00e9nement.<\/p>\n<p>En tant que soci\u00e9t\u00e9 Suisse:<br \/>\n\u2013\u00a0Le\u00a0r\u00e8glement doit \u00eatre sur notre compte bancaire au plus tard 30 jours apr\u00e8s la date de l\u2019\u00e9v\u00e9nement. Toutes prestations de d\u00e9cembre devront \u00eatre pay\u00e9es avant le 23 d\u00e9cembre de la m\u00eame ann\u00e9e.<\/p>\n<p>6.2 Les frais de rappel (50.-CHF) peuvent \u00eatre factur\u00e9 pour tout retard de paiement.<\/p>\n<p>6.3 Un int\u00e9r\u00eat de 10% peut \u00eatre factur\u00e9 pour tout retard de paiement (date de l\u2019\u00e9v\u00e8nement + 45 jours)<\/p>\n<p>6.4 Le client reconna\u00eet devoir \u00e0 la soci\u00e9t\u00e9 l\u2019int\u00e9gralit\u00e9 des montants factur\u00e9s conform\u00e9ment au contrat, devis accept\u00e9 ou commande valid\u00e9e.<br \/>\nCette reconnaissance de dettes vaut titre au sens de l\u2019art. 82 LP et autorise l\u2019introduction imm\u00e9diate d\u2019une poursuite en cas de non-paiement.<\/p>\n","protected":false},"excerpt":{"rendered":"<p>CONDITIONS GENERALES ARTICLE 1. OBJET DU CONTRAT Le pr\u00e9sent contrat est un contrat de prestation de service ayant pour objet l\u2019animation d\u2019une soir\u00e9e\u00a0priv\u00e9e. ARTICLE 2. OBLIGATIONS DU PRESTATAIRE 2.1 Easyflair s\u2019engage \u00e0 se conformer aux r\u00e8glements en usage dans l\u2019\u00e9tablissement ainsi qu\u2019aux\u00a0lois et le r\u00e8glement en vigueur dans le pays. 2.2 Le prestataire s\u2019engage \u00e0 mener \u00e0 bien la t\u00e2che &#8230; <\/p>\n<div><a href=\"https:\/\/www.easyflair.ch\/fr\/conditions-generales\/\" class=\"more-link\">Read More<\/a><\/div>\n","protected":false},"author":6,"featured_media":0,"parent":0,"menu_order":0,"comment_status":"closed","ping_status":"closed","template":"template-blank-1.php","meta":{"_monsterinsights_skip_tracking":false,"_monsterinsights_sitenote_active":false,"_monsterinsights_sitenote_note":"","_monsterinsights_sitenote_category":0,"_joinchat":[]},"acf":[],"yoast_head":"<!-- This site is optimized with the Yoast SEO plugin v14.2 - https:\/\/yoast.com\/wordpress\/plugins\/seo\/ -->\n<title>Conditions G\u00e9n\u00e9rales - Easyflair<\/title>\n<meta name=\"description\" content=\"Conditions g\u00e9n\u00e9rales d&#039;Easyflair, sp\u00e9cialis\u00e9 dans le service de barman jongleur et barman \u00e0 domicile \u00e0 Gen\u00e8ve et dans toute la Suisse.\" \/>\n<meta name=\"robots\" content=\"index, follow\" \/>\n<meta name=\"googlebot\" content=\"index, follow, max-snippet:-1, max-image-preview:large, max-video-preview:-1\" \/>\n<meta name=\"bingbot\" content=\"index, follow, max-snippet:-1, max-image-preview:large, max-video-preview:-1\" \/>\n<link rel=\"canonical\" href=\"https:\/\/www.easyflair.ch\/fr\/conditions-generales\/\" \/>\n<meta property=\"og:locale\" content=\"fr_FR\" \/>\n<meta property=\"og:type\" content=\"article\" \/>\n<meta property=\"og:title\" content=\"Conditions G\u00e9n\u00e9rales - Easyflair\" \/>\n<meta property=\"og:description\" content=\"Conditions g\u00e9n\u00e9rales d&#039;Easyflair, sp\u00e9cialis\u00e9 dans le service de barman jongleur et barman \u00e0 domicile \u00e0 Gen\u00e8ve et dans toute la Suisse.\" \/>\n<meta property=\"og:url\" content=\"https:\/\/www.easyflair.ch\/fr\/conditions-generales\/\" \/>\n<meta property=\"og:site_name\" content=\"Easyflair\" \/>\n<meta property=\"article:modified_time\" content=\"2026-04-29T11:26:27+00:00\" \/>\n<meta name=\"twitter:card\" content=\"summary_large_image\" \/>\n<script type=\"application\/ld+json\" class=\"yoast-schema-graph\">{\"@context\":\"https:\/\/schema.org\",\"@graph\":[{\"@type\":\"WebSite\",\"@id\":\"https:\/\/www.easyflair.ch\/fr\/#website\",\"url\":\"https:\/\/www.easyflair.ch\/fr\/\",\"name\":\"Easyflair\",\"description\":\"Service de barman jongleur \\u00e0 Gen\\u00e8ve et en Suisse\",\"potentialAction\":[{\"@type\":\"SearchAction\",\"target\":\"https:\/\/www.easyflair.ch\/fr\/?s={search_term_string}\",\"query-input\":\"required name=search_term_string\"}],\"inLanguage\":\"fr-FR\"},{\"@type\":\"WebPage\",\"@id\":\"https:\/\/www.easyflair.ch\/fr\/conditions-generales\/#webpage\",\"url\":\"https:\/\/www.easyflair.ch\/fr\/conditions-generales\/\",\"name\":\"Conditions G\\u00e9n\\u00e9rales - Easyflair\",\"isPartOf\":{\"@id\":\"https:\/\/www.easyflair.ch\/fr\/#website\"},\"datePublished\":\"2018-02-12T21:56:16+00:00\",\"dateModified\":\"2026-04-29T11:26:27+00:00\",\"description\":\"Conditions g\\u00e9n\\u00e9rales d'Easyflair, sp\\u00e9cialis\\u00e9 dans le service de barman jongleur et barman \\u00e0 domicile \\u00e0 Gen\\u00e8ve et dans toute la Suisse.\",\"inLanguage\":\"fr-FR\",\"potentialAction\":[{\"@type\":\"ReadAction\",\"target\":[\"https:\/\/www.easyflair.ch\/fr\/conditions-generales\/\"]}]}]}<\/script>\n<!-- \/ Yoast SEO plugin. -->","_links":{"self":[{"href":"https:\/\/www.easyflair.ch\/fr\/wp-json\/wp\/v2\/pages\/6801"}],"collection":[{"href":"https:\/\/www.easyflair.ch\/fr\/wp-json\/wp\/v2\/pages"}],"about":[{"href":"https:\/\/www.easyflair.ch\/fr\/wp-json\/wp\/v2\/types\/page"}],"author":[{"embeddable":true,"href":"https:\/\/www.easyflair.ch\/fr\/wp-json\/wp\/v2\/users\/6"}],"replies":[{"embeddable":true,"href":"https:\/\/www.easyflair.ch\/fr\/wp-json\/wp\/v2\/comments?post=6801"}],"version-history":[{"count":23,"href":"https:\/\/www.easyflair.ch\/fr\/wp-json\/wp\/v2\/pages\/6801\/revisions"}],"predecessor-version":[{"id":29441,"href":"https:\/\/www.easyflair.ch\/fr\/wp-json\/wp\/v2\/pages\/6801\/revisions\/29441"}],"wp:attachment":[{"href":"https:\/\/www.easyflair.ch\/fr\/wp-json\/wp\/v2\/media?parent=6801"}],"curies":[{"name":"wp","href":"https:\/\/api.w.org\/{rel}","templated":true}]}}