{"id":24507,"date":"2024-04-29T15:07:31","date_gmt":"2024-04-29T14:07:31","guid":{"rendered":"https:\/\/www.easyflair.ch\/?page_id=24507"},"modified":"2025-05-08T22:23:47","modified_gmt":"2025-05-08T21:23:47","slug":"demande-de-devis","status":"publish","type":"page","link":"https:\/\/www.easyflair.ch\/fr\/demande-de-devis\/","title":{"rendered":"Demande de devis"},"content":{"rendered":"<div id=\"cs-content\" class=\"cs-content\" >\n<div class=\"e24507-1 x-section\" >\n      \n<div class=\"e24507-2 x-row x-container max width\" >\n  <div class=\"x-row-inner\">\n    \n<div class=\"e24507-3 x-col\" >\n    <div class=\"x-text\"  ><h2>Que souhaitez-vous?<\/h2>\n<\/div><\/div>\n  <\/div>\n  <\/div>\n  <\/div>\n\n<div class=\"e24507-5 x-section\" >\n      \n<div class=\"e24507-6 x-row x-container max width\" >\n  <div class=\"x-row-inner\">\n    \n<div class=\"e24507-7 x-col\" >\n    &nbsp;<\/div>\n\n<div class=\"e24507-8 x-col\" >\n    \n<a class=\"e24507-9 x-anchor x-anchor-button\" tabindex=\"0\" href=\"https:\/\/www.easyflair.ch\/fr\/demande-de-devis-barman\/\" >\n\n  \n  <div class=\"x-anchor-content\">\n        <div class=\"x-anchor-text\"><span class=\"x-anchor-text-primary\" >Devis Service Barman<\/span><\/div>      <\/div>\n\n    \n  \n<\/a>\n<\/div>\n\n<div class=\"e24507-10 x-col\" >\n    \n<a class=\"e24507-11 x-anchor x-anchor-button\" tabindex=\"0\" href=\"https:\/\/www.easyflair.ch\/fr\/devis-en-ligne\/devis-atelier-cocktails\/\" >\n\n  \n  <div class=\"x-anchor-content\">\n        <div class=\"x-anchor-text\"><span class=\"x-anchor-text-primary\" >Devis Activit\u00e9\u00a0-\u00a0Cours<\/span><\/div>      <\/div>\n\n    \n  \n<\/a>\n<\/div>\n\n<div class=\"e24507-12 x-col\" >\n    &nbsp;<\/div>\n  <\/div>\n  <\/div>\n  <\/div>\n<\/div>\n","protected":false},"excerpt":{"rendered":"<p>Que souhaitez-vous? &nbsp; Devis Service Barman Devis Activit\u00e9\u00a0&#8211;\u00a0Cours &nbsp;<\/p>\n","protected":false},"author":15,"featured_media":0,"parent":0,"menu_order":0,"comment_status":"closed","ping_status":"closed","template":"","meta":{"_monsterinsights_skip_tracking":false,"_monsterinsights_sitenote_active":false,"_monsterinsights_sitenote_note":"","_monsterinsights_sitenote_category":0,"_joinchat":[]},"acf":[],"yoast_head":"<!-- This site is optimized with the Yoast SEO plugin v14.2 - https:\/\/yoast.com\/wordpress\/plugins\/seo\/ -->\n<title>Demande de devis \u2013 Barman, ateliers cocktails &amp; animations en Suisse<\/title>\n<meta name=\"description\" content=\"Obtenez un devis personnalis\u00e9 pour nos prestations : barman flair, ateliers cocktails, bars mobiles et animations sur mesure pour vos \u00e9v\u00e9nements\u00a0en\u00a0Suisse.\" \/>\n<meta name=\"robots\" content=\"index, follow\" \/>\n<meta name=\"googlebot\" content=\"index, follow, max-snippet:-1, max-image-preview:large, max-video-preview:-1\" \/>\n<meta name=\"bingbot\" content=\"index, follow, max-snippet:-1, max-image-preview:large, max-video-preview:-1\" \/>\n<link rel=\"canonical\" href=\"https:\/\/www.easyflair.ch\/fr\/demande-de-devis\/\" \/>\n<meta property=\"og:locale\" content=\"fr_FR\" \/>\n<meta property=\"og:type\" content=\"article\" \/>\n<meta property=\"og:title\" content=\"Demande de devis \u2013 Barman, ateliers cocktails &amp; animations en Suisse\" \/>\n<meta property=\"og:description\" content=\"Obtenez un devis personnalis\u00e9 pour nos prestations : barman flair, ateliers cocktails, bars mobiles et animations sur mesure pour vos \u00e9v\u00e9nements\u00a0en\u00a0Suisse.\" \/>\n<meta property=\"og:url\" content=\"https:\/\/www.easyflair.ch\/fr\/demande-de-devis\/\" \/>\n<meta property=\"og:site_name\" content=\"Easyflair\" \/>\n<meta property=\"article:modified_time\" content=\"2025-05-08T21:23:47+00:00\" \/>\n<meta name=\"twitter:card\" content=\"summary_large_image\" \/>\n<script type=\"application\/ld+json\" class=\"yoast-schema-graph\">{\"@context\":\"https:\/\/schema.org\",\"@graph\":[{\"@type\":\"WebSite\",\"@id\":\"https:\/\/www.easyflair.ch\/fr\/#website\",\"url\":\"https:\/\/www.easyflair.ch\/fr\/\",\"name\":\"Easyflair\",\"description\":\"Service de barman jongleur \\u00e0 Gen\\u00e8ve et en Suisse\",\"potentialAction\":[{\"@type\":\"SearchAction\",\"target\":\"https:\/\/www.easyflair.ch\/fr\/?s={search_term_string}\",\"query-input\":\"required name=search_term_string\"}],\"inLanguage\":\"fr-FR\"},{\"@type\":\"WebPage\",\"@id\":\"https:\/\/www.easyflair.ch\/fr\/demande-de-devis\/#webpage\",\"url\":\"https:\/\/www.easyflair.ch\/fr\/demande-de-devis\/\",\"name\":\"Demande de devis \\u2013 Barman, ateliers cocktails & animations en Suisse\",\"isPartOf\":{\"@id\":\"https:\/\/www.easyflair.ch\/fr\/#website\"},\"datePublished\":\"2024-04-29T14:07:31+00:00\",\"dateModified\":\"2025-05-08T21:23:47+00:00\",\"description\":\"Obtenez un devis personnalis\\u00e9 pour nos prestations : barman flair, ateliers cocktails, bars mobiles et animations sur mesure pour vos \\u00e9v\\u00e9nements\\u00a0en\\u00a0Suisse.\",\"inLanguage\":\"fr-FR\",\"potentialAction\":[{\"@type\":\"ReadAction\",\"target\":[\"https:\/\/www.easyflair.ch\/fr\/demande-de-devis\/\"]}]}]}<\/script>\n<!-- \/ Yoast SEO plugin. -->","_links":{"self":[{"href":"https:\/\/www.easyflair.ch\/fr\/wp-json\/wp\/v2\/pages\/24507"}],"collection":[{"href":"https:\/\/www.easyflair.ch\/fr\/wp-json\/wp\/v2\/pages"}],"about":[{"href":"https:\/\/www.easyflair.ch\/fr\/wp-json\/wp\/v2\/types\/page"}],"author":[{"embeddable":true,"href":"https:\/\/www.easyflair.ch\/fr\/wp-json\/wp\/v2\/users\/15"}],"replies":[{"embeddable":true,"href":"https:\/\/www.easyflair.ch\/fr\/wp-json\/wp\/v2\/comments?post=24507"}],"version-history":[{"count":4,"href":"https:\/\/www.easyflair.ch\/fr\/wp-json\/wp\/v2\/pages\/24507\/revisions"}],"predecessor-version":[{"id":24523,"href":"https:\/\/www.easyflair.ch\/fr\/wp-json\/wp\/v2\/pages\/24507\/revisions\/24523"}],"wp:attachment":[{"href":"https:\/\/www.easyflair.ch\/fr\/wp-json\/wp\/v2\/media?parent=24507"}],"curies":[{"name":"wp","href":"https:\/\/api.w.org\/{rel}","templated":true}]}}