{"id":17479,"date":"2020-11-25T23:12:14","date_gmt":"2020-11-25T22:12:14","guid":{"rendered":"https:\/\/www.easyflair.ch\/?page_id=17479"},"modified":"2026-02-05T10:08:40","modified_gmt":"2026-02-05T09:08:40","slug":"ateliers-cocktails-virtuels","status":"publish","type":"page","link":"https:\/\/www.easyflair.ch\/fr\/ateliers-cocktails-virtuels\/","title":{"rendered":"Ateliers Cocktails Virtuels"},"content":{"rendered":"<div id=\"cs-content\" class=\"cs-content\" >\n<div class=\"e17479-1 x-section\" >\n    \n<div class=\"x-bg\" aria-hidden=\"true\" >\n  <div class=\"x-bg-layer-lower-image\" data-x-element=\"bg_layer\" data-x-params=\"{&quot;parallaxSize&quot;:&quot;150%&quot;,&quot;parallaxDir&quot;:&quot;v&quot;,&quot;parallaxRev&quot;:false}\" style=\" background-image: url(https:\/\/www.easyflair.ch\/wp-content\/uploads\/2018\/02\/easyflair-Barman-Jongleur-Domicile-Geneve-40.jpg); background-repeat: no-repeat; background-position: center; background-size: cover;\" ><\/div>  <div class=\"x-bg-layer-upper-color\" style=\" background-color: ;\" ><\/div><\/div>\n  \n<div class=\"e17479-2 x-container max width\" >\n    \n<div class=\"e17479-3 x-column x-sm x-1-1\" >\n    \n<div class=\"e17479-4 x-text x-text-headline\" >\n  <div class=\"x-text-content\"><div class=\"x-text-content-text\"><h1 class=\"x-text-content-text-primary\">Nos Ateliers Cocktails Virtuels<\/h1><\/div><\/div><\/div>\n<\/div>\n<\/div>\n  <\/div>\n\n<div class=\"e17479-5 x-section\" >\n      \n<div class=\"e17479-6 x-container max width\" >\n    \n<div class=\"e17479-7 x-column x-sm x-1-2\" >\n    \n<div class=\"e17479-8 x-text\" >\n  <p>Participez \u00e0 un <strong>atelier en ligne<\/strong> o\u00f9 vous d\u00e9couvrirez l\u2019art du m\u00e9lange des boissons <strong>pour r\u00e9aliser des cocktails<\/strong> et devenez des artistes du shaker le temps d\u2019une journ\u00e9e.<\/p>\n<p>Avec Maxime, vous apprendrez les bases de l\u2019\u00e9laboration d\u2019un cocktail. \u00c0 commencer par comment marier et \u00e9quilibrer les saveurs, puis en initiant votre palais \u00e0 travers la d\u00e9gustation de diff\u00e9rentes recettes.<\/p>\n<p>Vous apprendrez \u00e9galement les techniques de d\u00e9coupe de fruits.<\/p>\n<p>Les participants repartiront avec des recettes simples (online), faciles \u00e0 reproduire \u00e0 la maison.<\/p>\n<p><strong>Un kit complet du barman sera offert \u00e0 chaque participant!<\/strong><\/p>\n<p>Nos ateliers sont dispens\u00e9s en fran\u00e7ais par d\u00e9faut, mais il est possible de les faire en anglais sur demande.<\/p><\/div>\n<\/div>\n\n<div class=\"e17479-9 x-column x-sm x-1-2\" data-fade=\"1\" data-x-element=\"column\" data-x-params=\"{&quot;fade&quot;:true}\" style=\"opacity: 0; transform: translate(50px, 0); transition-duration: 0.5s;\" >\n    \n<span class=\"e17479-10 x-image\" >\n  <img alt=\"Image\" src=\"https:\/\/www.easyflair.ch\/wp-content\/uploads\/2020\/12\/cocktails-menu.jpg\" width=\"1024\" height=\"788\" >\n<\/span>\n<\/div>\n<\/div>\n\n<div class=\"e17479-11 x-container max width\" >\n    <\/div>\n  <\/div>\n\n<div class=\"e17479-12 x-section\" >\n      \n<div class=\"e17479-13 x-row x-container max width\" >\n  <div class=\"x-row-inner\">\n    \n<div class=\"e17479-14 x-col\" >\n    \n<div class=\"e17479-15 x-text x-text-headline\" >\n  <div class=\"x-text-content\"><div class=\"x-text-content-text\"><h2 class=\"x-text-content-text-primary\">Formule 1<\/h2><\/div><\/div><\/div>\n\n<div class=\"e17479-16 x-text\" >\n  <ul>\n \t<li>L\u2019acc\u00e8s \u00e0 la plateforme Zoom<\/li>\n \t<li>Pr\u00e9sentation du formateur<\/li>\n \t<li>D\u00e9couverte du kit du barman<\/li>\n \t<li style=\"list-style: none;\">(5-6 pieces : pilon, jiggers, pailles...)<\/li>\n \t<li>D\u00e9ballage du kit ingr\u00e9dients<\/li>\n \t<li style=\"list-style: none;\">(Plusieurs alcool et soft, fruits, divers ingr\u00e9dients)<\/li>\n \t<li>D\u00e9gustation du cocktail de bienvenue<\/li>\n \t<li>Quizz<\/li>\n \t<li>R\u00e9alisation d\u2019un cocktail variantes*<\/li>\n \t<li>Apprentissage de d\u00e9coupe de fruits<\/li>\n \t<li>Transformer des gla\u00e7ons en glace pil\u00e9e<\/li>\n \t<li>D\u00e9gustation du cocktail<\/li>\n \t<li>Fiche recette du cocktail<\/li>\n \t<li>Chat en live**<\/li>\n \t<li>Dur\u00e9e de l\u2019atelier environ 1h<\/li>\n \t<li>Minimum 20 personnes<\/li>\n \t<li style=\"list-style: none;\">(Pour de plus petits groupes, merci de nous contacter)<\/li>\n \t<li>L\u2019envoi \u00e0 1 adresse en Suisse<\/li>\n \t<li style=\"list-style: none;\">(Possibilit\u00e9 d\u2019exp\u00e9dier \u00e0 plusieurs adresses en Suisse et \u00e0 l\u2019\u00e9tranger en sus)<\/li>\n<\/ul>\n<p>* Chaque participant partira avec une m\u00eame base de cocktail pour avoir \u00e0 la fin du cours un cocktail diff\u00e9rent en go\u00fbt gr\u00e2ce au fait que nous mettons plusieurs choix d\u2019alcool et softs dans votre kit ingr\u00e9dients<\/p>\n<p>** Les participants auront 15 minutes d'\u00e9change avec notre formateur pour poser leurs diff\u00e9rentes questions<\/p><\/div>\n\n<span class=\"e17479-17 x-image\" >\n  <img alt=\"Image\" src=\"https:\/\/www.easyflair.ch\/wp-content\/uploads\/2020\/12\/kit-barman.jpg\" width=\"1012\" height=\"1024\" >\n<\/span>\n\n<div class=\"e17479-18 x-text\" >\n  Kit du Barman (photo non contractuelle)<\/div>\n\n<div class=\"e17479-19 x-counter\" data-x-element=\"counter\" data-x-params=\"{&quot;numStart&quot;:&quot;0&quot;,&quot;numEnd&quot;:&quot;79&quot;,&quot;numSpeed&quot;:&quot;1.5s&quot;,&quot;selector&quot;:&quot;.x-counter-number&quot;}\" >\n  <div class=\"x-counter-before\">\u00c0 partir de<\/div><div class=\"x-counter-number-wrap\"><span class=\"x-counter-number\">0<\/span><span class=\"x-counter-number-suffix\">.-CHF HT<\/span><\/div><div class=\"x-counter-after\">par personne<\/div><\/div>\n<\/div>\n\n<div class=\"e17479-20 x-col\" >\n    \n<div class=\"e17479-21 x-text x-text-headline\" >\n  <div class=\"x-text-content\"><div class=\"x-text-content-text\"><h2 class=\"x-text-content-text-primary\">Formule 2<\/h2><\/div><\/div><\/div>\n\n<div class=\"e17479-22 x-text\" >\n  <ul>\n \t<li>L\u2019acc\u00e8s \u00e0 la plateforme Zoom<\/li>\n \t<li>Pr\u00e9sentation du formateur<\/li>\n \t<li><strong>D\u00e9couverte du kit du barman PREMIUM<\/strong><\/li>\n \t<li style=\"list-style: none;\">(10-12 pi\u00e8ces: pr\u00e9sentoir ou housse, shaker, pilon, jiggers, pailles, passoire, bec verseur...)<\/li>\n \t<li>D\u00e9ballage du kit ingr\u00e9dients<\/li>\n \t<li style=\"list-style: none;\">(Plusieurs alcool et soft, fruits, divers ingr\u00e9dients)<\/li>\n \t<li>D\u00e9gustation du cocktail de bienvenue<\/li>\n \t<li>Quizz<\/li>\n \t<li><strong>R\u00e9alisation de 2 cocktails<\/strong><\/li>\n \t<li style=\"list-style: none;\">(dont 1 variante*)<\/li>\n \t<li>Apprentissage de d\u00e9coupe de fruits<\/li>\n \t<li>Transformer des gla\u00e7ons en glace pil\u00e9e<\/li>\n \t<li><strong>L\u2019\u00e9quilibre du cocktail<\/strong><\/li>\n \t<li><strong>D\u00e9gustation des 2 cocktails<\/strong><\/li>\n \t<li><strong>Fiche de + de 15 recettes cocktails<\/strong><\/li>\n \t<li>Chat en live**<\/li>\n \t<li><strong>Dur\u00e9e de l\u2019atelier environ 1h30-2h<\/strong><\/li>\n \t<li>Minimum 15 personnes<\/li>\n \t<li style=\"list-style: none;\">(Pour de plus petits groupes, merci de nous contacter)<\/li>\n \t<li>L\u2019envoi \u00e0 1 adresse en Suisse<\/li>\n \t<li style=\"list-style: none;\">(Possibilit\u00e9 d\u2019exp\u00e9dier \u00e0 plusieurs adresses en Suisse et \u00e0 l\u2019\u00e9tranger en sus)<\/li>\n<\/ul>\n<p>* Chaque participant partira avec une m\u00eame base de cocktail avoir \u00e0 la fin du cours un cocktail diff\u00e9rent en go\u00fbt gr\u00e2ce au fait que nous mettons plusieurs choix d\u2019alcool et softs dans votre kit ingr\u00e9dients<\/p>\n<p><strong>** Les participants auront 30 minutes d'\u00e9change avec notre formateur pour poser leurs diff\u00e9rentes questions<\/strong><\/p><\/div>\n\n<span class=\"e17479-23 x-image\" >\n  <img alt=\"Image\" src=\"https:\/\/www.easyflair.ch\/wp-content\/uploads\/2020\/12\/kit-barman-premium-1.jpg\" width=\"1006\" height=\"1024\" >\n<\/span>\n\n<div class=\"e17479-24 x-text\" >\n  Kit du Barman Premium (photo non contractuelle)<\/div>\n\n<div class=\"e17479-25 x-counter\" data-x-element=\"counter\" data-x-params=\"{&quot;numStart&quot;:&quot;0&quot;,&quot;numEnd&quot;:&quot;99&quot;,&quot;numSpeed&quot;:&quot;1.5s&quot;,&quot;selector&quot;:&quot;.x-counter-number&quot;}\" >\n  <div class=\"x-counter-before\">\u00c0 partir de<\/div><div class=\"x-counter-number-wrap\"><span class=\"x-counter-number\">0<\/span><span class=\"x-counter-number-suffix\">.-CHF HT<\/span><\/div><div class=\"x-counter-after\">par personne<\/div><\/div>\n<\/div>\n  <\/div>\n  <\/div>\n  <\/div>\n\n<div class=\"e17479-26 x-section\" >\n      \n<div class=\"e17479-27 x-row x-container max width\" >\n  <div class=\"x-row-inner\">\n    \n<div class=\"e17479-28 x-col\" >\n    \n<div class=\"e17479-29 x-text\" >\n  Nous r\u00e9alisons \u00e9galement des offres sur mesures Premium en fonction de votre budget.<\/div>\n<\/div>\n  <\/div>\n  <\/div>\n  <\/div>\n<\/div>\n","protected":false},"excerpt":{"rendered":"<p>Nos Ateliers Cocktails Virtuels Participez \u00e0 un atelier en ligne o\u00f9 vous d\u00e9couvrirez l\u2019art du m\u00e9lange des boissons pour r\u00e9aliser des cocktails et devenez des artistes du shaker le temps d\u2019une journ\u00e9e. Avec Maxime, vous apprendrez les bases de l\u2019\u00e9laboration d\u2019un cocktail. \u00c0 commencer par comment marier et \u00e9quilibrer les saveurs, puis en initiant votre palais \u00e0 travers la d\u00e9gustation &#8230; <\/p>\n<div><a href=\"https:\/\/www.easyflair.ch\/fr\/ateliers-cocktails-virtuels\/\" class=\"more-link\">Read More<\/a><\/div>\n","protected":false},"author":6,"featured_media":6971,"parent":0,"menu_order":0,"comment_status":"closed","ping_status":"closed","template":"template-blank-4.php","meta":{"_monsterinsights_skip_tracking":false,"_monsterinsights_sitenote_active":false,"_monsterinsights_sitenote_note":"","_monsterinsights_sitenote_category":0,"_joinchat":[]},"acf":[],"yoast_head":"<!-- This site is optimized with the Yoast SEO plugin v14.2 - https:\/\/yoast.com\/wordpress\/plugins\/seo\/ -->\n<title>Ateliers Cocktails Virtuels - Easyflair<\/title>\n<meta name=\"description\" content=\"Easyflair, sp\u00e9cialis\u00e9 dans le service de barmans \u00e0 domicile ou sur le lieu de votre choix \u00e0 Gen\u00e8ve et dans toute la Suisse, vous propose une d\u00e9gustation de diff\u00e9rentes gammes de whisky pour l&#039;animation de votre soir\u00e9e d&#039;entreprise ou soir\u00e9e priv\u00e9e.\" \/>\n<meta name=\"robots\" content=\"index, follow\" \/>\n<meta name=\"googlebot\" content=\"index, follow, max-snippet:-1, max-image-preview:large, max-video-preview:-1\" \/>\n<meta name=\"bingbot\" content=\"index, follow, max-snippet:-1, max-image-preview:large, max-video-preview:-1\" \/>\n<link rel=\"canonical\" href=\"https:\/\/www.easyflair.ch\/fr\/ateliers-cocktails-virtuels\/\" \/>\n<meta property=\"og:locale\" content=\"fr_FR\" \/>\n<meta property=\"og:type\" content=\"article\" \/>\n<meta property=\"og:title\" content=\"Ateliers Cocktails Virtuels - Easyflair\" \/>\n<meta property=\"og:description\" content=\"Easyflair, sp\u00e9cialis\u00e9 dans le service de barmans \u00e0 domicile ou sur le lieu de votre choix \u00e0 Gen\u00e8ve et dans toute la Suisse, vous propose une d\u00e9gustation de diff\u00e9rentes gammes de whisky pour l&#039;animation de votre soir\u00e9e d&#039;entreprise ou soir\u00e9e priv\u00e9e.\" \/>\n<meta property=\"og:url\" content=\"https:\/\/www.easyflair.ch\/fr\/ateliers-cocktails-virtuels\/\" \/>\n<meta property=\"og:site_name\" content=\"Easyflair\" \/>\n<meta property=\"article:modified_time\" content=\"2026-02-05T09:08:40+00:00\" \/>\n<meta property=\"og:image\" content=\"https:\/\/www.easyflair.ch\/wp-content\/uploads\/2018\/02\/easyflair-Barman-Jongleur-Domicile-Geneve-139.jpg\" \/>\n\t<meta property=\"og:image:width\" content=\"1200\" \/>\n\t<meta property=\"og:image:height\" content=\"675\" \/>\n<meta name=\"twitter:card\" content=\"summary_large_image\" \/>\n<script type=\"application\/ld+json\" class=\"yoast-schema-graph\">{\"@context\":\"https:\/\/schema.org\",\"@graph\":[{\"@type\":\"WebSite\",\"@id\":\"https:\/\/www.easyflair.ch\/fr\/#website\",\"url\":\"https:\/\/www.easyflair.ch\/fr\/\",\"name\":\"Easyflair\",\"description\":\"Service de barman jongleur \\u00e0 Gen\\u00e8ve et en Suisse\",\"potentialAction\":[{\"@type\":\"SearchAction\",\"target\":\"https:\/\/www.easyflair.ch\/fr\/?s={search_term_string}\",\"query-input\":\"required name=search_term_string\"}],\"inLanguage\":\"fr-FR\"},{\"@type\":\"ImageObject\",\"@id\":\"https:\/\/www.easyflair.ch\/fr\/ateliers-cocktails-virtuels\/#primaryimage\",\"inLanguage\":\"fr-FR\",\"url\":\"https:\/\/www.easyflair.ch\/wp-content\/uploads\/2018\/02\/easyflair-Barman-Jongleur-Domicile-Geneve-139.jpg\",\"width\":1200,\"height\":675,\"caption\":\"Whiskey Tasting\"},{\"@type\":\"WebPage\",\"@id\":\"https:\/\/www.easyflair.ch\/fr\/ateliers-cocktails-virtuels\/#webpage\",\"url\":\"https:\/\/www.easyflair.ch\/fr\/ateliers-cocktails-virtuels\/\",\"name\":\"Ateliers Cocktails Virtuels - Easyflair\",\"isPartOf\":{\"@id\":\"https:\/\/www.easyflair.ch\/fr\/#website\"},\"primaryImageOfPage\":{\"@id\":\"https:\/\/www.easyflair.ch\/fr\/ateliers-cocktails-virtuels\/#primaryimage\"},\"datePublished\":\"2020-11-25T22:12:14+00:00\",\"dateModified\":\"2026-02-05T09:08:40+00:00\",\"description\":\"Easyflair, sp\\u00e9cialis\\u00e9 dans le service de barmans \\u00e0 domicile ou sur le lieu de votre choix \\u00e0 Gen\\u00e8ve et dans toute la Suisse, vous propose une d\\u00e9gustation de diff\\u00e9rentes gammes de whisky pour l'animation de votre soir\\u00e9e d'entreprise ou soir\\u00e9e priv\\u00e9e.\",\"inLanguage\":\"fr-FR\",\"potentialAction\":[{\"@type\":\"ReadAction\",\"target\":[\"https:\/\/www.easyflair.ch\/fr\/ateliers-cocktails-virtuels\/\"]}]}]}<\/script>\n<!-- \/ Yoast SEO plugin. -->","_links":{"self":[{"href":"https:\/\/www.easyflair.ch\/fr\/wp-json\/wp\/v2\/pages\/17479"}],"collection":[{"href":"https:\/\/www.easyflair.ch\/fr\/wp-json\/wp\/v2\/pages"}],"about":[{"href":"https:\/\/www.easyflair.ch\/fr\/wp-json\/wp\/v2\/types\/page"}],"author":[{"embeddable":true,"href":"https:\/\/www.easyflair.ch\/fr\/wp-json\/wp\/v2\/users\/6"}],"replies":[{"embeddable":true,"href":"https:\/\/www.easyflair.ch\/fr\/wp-json\/wp\/v2\/comments?post=17479"}],"version-history":[{"count":35,"href":"https:\/\/www.easyflair.ch\/fr\/wp-json\/wp\/v2\/pages\/17479\/revisions"}],"predecessor-version":[{"id":28913,"href":"https:\/\/www.easyflair.ch\/fr\/wp-json\/wp\/v2\/pages\/17479\/revisions\/28913"}],"wp:featuredmedia":[{"embeddable":true,"href":"https:\/\/www.easyflair.ch\/fr\/wp-json\/wp\/v2\/media\/6971"}],"wp:attachment":[{"href":"https:\/\/www.easyflair.ch\/fr\/wp-json\/wp\/v2\/media?parent=17479"}],"curies":[{"name":"wp","href":"https:\/\/api.w.org\/{rel}","templated":true}]}}