{"id":17471,"date":"2020-11-25T20:14:47","date_gmt":"2020-11-25T19:14:47","guid":{"rendered":"https:\/\/www.easyflair.ch\/?page_id=17471"},"modified":"2025-05-08T22:23:56","modified_gmt":"2025-05-08T21:23:56","slug":"degustation-virtuelle-whisky","status":"publish","type":"page","link":"https:\/\/www.easyflair.ch\/fr\/degustation-virtuelle-whisky\/","title":{"rendered":"D\u00e9gustation virtuelle de Whisky"},"content":{"rendered":"<div id=\"cs-content\" class=\"cs-content\" >\n<div class=\"e17471-1 x-section\" >\n    \n<div class=\"x-bg\" aria-hidden=\"true\" >\n  <div class=\"x-bg-layer-lower-image\" data-x-element=\"bg_layer\" data-x-params=\"{&quot;parallaxSize&quot;:&quot;150%&quot;,&quot;parallaxDir&quot;:&quot;v&quot;,&quot;parallaxRev&quot;:false}\" style=\" background-image: url(https:\/\/www.easyflair.ch\/wp-content\/uploads\/2018\/02\/easyflair-Barman-Jongleur-Domicile-Geneve-139.jpg); background-repeat: no-repeat; background-position: center; background-size: cover;\" ><\/div>  <div class=\"x-bg-layer-upper-color\" style=\" background-color: ;\" ><\/div><\/div>\n  \n<div class=\"e17471-2 x-container max width\" >\n    \n<div class=\"e17471-3 x-column x-sm x-1-1\" >\n    \n<div class=\"e17471-4 x-text x-text-headline\" >\n  <div class=\"x-text-content\"><div class=\"x-text-content-text\"><h1 class=\"x-text-content-text-primary\">Notre d\u00e9gustation virtuelle de Whisky<\/h1><\/div><\/div><\/div>\n<\/div>\n<\/div>\n  <\/div>\n\n<div class=\"e17471-5 x-section\" >\n      \n<div class=\"e17471-6 x-container max width\" >\n    \n<div class=\"e17471-7 x-column x-sm x-1-1\" >\n    \n<div class=\"e17471-8 x-text x-text-headline\" >\n  <div class=\"x-text-content\"><div class=\"x-text-content-text\"><h2 class=\"x-text-content-text-primary\">Apprenez comment d\u00e9guster le whisky<\/h2><\/div><\/div><\/div>\n<\/div>\n<\/div>\n\n<div class=\"e17471-9 x-container max width\" >\n    \n<div class=\"e17471-10 x-column x-sm x-2-3\" >\n    \n<div class=\"e17471-11 x-text\" >\n  <p>Single malts, blends ou whiskies de grain venus d'\u00c9cosse, d'Irlande, du Japon, des \u00c9tats-Unis ou encore de la Su\u00e8de ou d'Australie : <strong>le monde des whiskies est un univers riche et complexe<\/strong> dans lequel nos professeurs experts vous guideront, <strong>que vous soyez amateur ou grand connaisseur<\/strong>.<\/p>\n<p>Partez \u00e0 la d\u00e9couverte de ce merveilleux spiritueux avec<strong> votre cours virtuel<\/strong> et en direct \"Initiation au Whisky en live\".<\/p>\n<p>Techniques d\u2019\u00e9laboration, grands pays producteurs, m\u00e9thode de d\u00e9gustation, accords mets et Whisky, gr\u00e2ce \u00e0 cet atelier th\u00e9matique\u00a0en live de 1h,\u00a0le Whisky n\u2019aura plus de secret pour vous.<\/p>\n<p>La formation d\u2019une dur\u00e9e de 1 heure sera dispens\u00e9e via la plateforme de vid\u00e9oconf\u00e9rence ZOOM.<\/p>\n<p>Gr\u00e2ce au<strong>\u00a0coffret d\u00e9gustation de 5 Whiskies\u00a0livr\u00e9 \u00e0 votre adresse<\/strong> (possibilit\u00e9s de plusieurs adresses en sus), vous pourrez\u00a0d\u00e9guster en live accompagn\u00e9 de votre formateur.<\/p>\n<br>\n<p><strong>POUR QUI ? :<\/strong><\/p>\n<p>Ce cours s\u2019adresse \u00e0 tous, sans avoir de connaissances sp\u00e9cifiques au pr\u00e9alable.<\/p>\n<br>\n<p><strong>LES TH\u00c8MES ET SUJETS ABORD\u00c9S :<\/strong><\/p>\n\n<ul>\n \t<li>Module 1 : Qu\u2019est ce que le whisky<\/li>\n \t<li>Module 2 : La fabrication du whisky<\/li>\n \t<li>Module 3 : L\u2019histoire du whisky<\/li>\n \t<li>Module 4 :\u00a0La\u00a0m\u00e9thode de\u00a0d\u00e9gustation du whisky<\/li>\n \t<li>Module 5 : Les pays producteurs de whisky<\/li>\n \t<li>Module 6 : Les alliances mets &amp; whisky<\/li>\n \t<li>Module\u00a07 : D\u00e9gustation et analyse des 5 Whiskies gr\u00e2ce au coffret d\u00e9gustation<\/li>\n<\/ul>\n\n<br>\n<p style=\"text-align: justify;\"><strong>Dur\u00e9e: 1h \u00e0 1 h30<\/strong><\/p>\n<p><strong>A partir de 20 personnes.<\/strong><\/p><\/div>\n<\/div>\n\n<div class=\"e17471-12 x-column x-sm x-1-3\" data-fade=\"1\" data-x-element=\"column\" data-x-params=\"{&quot;fade&quot;:true}\" style=\"opacity: 0; transform: translate(50px, 0); transition-duration: 0.5s;\" >\n    \n<span class=\"e17471-13 x-image\" >\n  <img alt=\"Image\" src=\"https:\/\/www.easyflair.ch\/wp-content\/uploads\/2018\/02\/easyflair-Barman-Jongleur-Domicile-Geneve-144.jpg\" width=\"373\" height=\"656\" >\n<\/span>\n<\/div>\n<\/div>\n\n<div class=\"e17471-14 x-container max width\" >\n    \n<div class=\"e17471-15 x-column x-sm x-1-1\" >\n    \n<div class=\"e17471-16 x-counter\" data-x-element=\"counter\" data-x-params=\"{&quot;numStart&quot;:&quot;0&quot;,&quot;numEnd&quot;:&quot;99&quot;,&quot;numSpeed&quot;:&quot;1.5s&quot;,&quot;selector&quot;:&quot;.x-counter-number&quot;}\" >\n  <div class=\"x-counter-before\">\u00c0 partir de<\/div><div class=\"x-counter-number-wrap\"><span class=\"x-counter-number\">0<\/span><span class=\"x-counter-number-suffix\">.-CHF HT<\/span><\/div><div class=\"x-counter-after\">par personne<\/div><\/div>\n<\/div>\n<\/div>\n  <\/div>\n<\/div>\n","protected":false},"excerpt":{"rendered":"<p>Notre d\u00e9gustation virtuelle de Whisky Apprenez comment d\u00e9guster le whisky Single malts, blends ou whiskies de grain venus d&rsquo;\u00c9cosse, d&rsquo;Irlande, du Japon, des \u00c9tats-Unis ou encore de la Su\u00e8de ou d&rsquo;Australie : le monde des whiskies est un univers riche et complexe dans lequel nos professeurs experts vous guideront, que vous soyez amateur ou grand connaisseur. Partez \u00e0 la d\u00e9couverte &#8230; <\/p>\n<div><a href=\"https:\/\/www.easyflair.ch\/fr\/degustation-virtuelle-whisky\/\" class=\"more-link\">Read More<\/a><\/div>\n","protected":false},"author":6,"featured_media":6971,"parent":0,"menu_order":0,"comment_status":"closed","ping_status":"closed","template":"template-blank-4.php","meta":{"_monsterinsights_skip_tracking":false,"_monsterinsights_sitenote_active":false,"_monsterinsights_sitenote_note":"","_monsterinsights_sitenote_category":0,"_joinchat":[]},"acf":[],"yoast_head":"<!-- This site is optimized with the Yoast SEO plugin v14.2 - https:\/\/yoast.com\/wordpress\/plugins\/seo\/ -->\n<title>D\u00e9gustation virtuelle de Whisky - Easyflair<\/title>\n<meta name=\"description\" content=\"Easyflair, sp\u00e9cialis\u00e9 dans le service de barmans \u00e0 domicile ou sur le lieu de votre choix \u00e0 Gen\u00e8ve et dans toute la Suisse, vous propose une d\u00e9gustation de diff\u00e9rentes gammes de whisky pour l&#039;animation de votre soir\u00e9e d&#039;entreprise ou soir\u00e9e priv\u00e9e.\" \/>\n<meta name=\"robots\" content=\"index, follow\" \/>\n<meta name=\"googlebot\" content=\"index, follow, max-snippet:-1, max-image-preview:large, max-video-preview:-1\" \/>\n<meta name=\"bingbot\" content=\"index, follow, max-snippet:-1, max-image-preview:large, max-video-preview:-1\" \/>\n<link rel=\"canonical\" href=\"https:\/\/www.easyflair.ch\/fr\/degustation-virtuelle-whisky\/\" \/>\n<meta property=\"og:locale\" content=\"fr_FR\" \/>\n<meta property=\"og:type\" content=\"article\" \/>\n<meta property=\"og:title\" content=\"D\u00e9gustation virtuelle de Whisky - Easyflair\" \/>\n<meta property=\"og:description\" content=\"Easyflair, sp\u00e9cialis\u00e9 dans le service de barmans \u00e0 domicile ou sur le lieu de votre choix \u00e0 Gen\u00e8ve et dans toute la Suisse, vous propose une d\u00e9gustation de diff\u00e9rentes gammes de whisky pour l&#039;animation de votre soir\u00e9e d&#039;entreprise ou soir\u00e9e priv\u00e9e.\" \/>\n<meta property=\"og:url\" content=\"https:\/\/www.easyflair.ch\/fr\/degustation-virtuelle-whisky\/\" \/>\n<meta property=\"og:site_name\" content=\"Easyflair\" \/>\n<meta property=\"article:modified_time\" content=\"2025-05-08T21:23:56+00:00\" \/>\n<meta property=\"og:image\" content=\"https:\/\/www.easyflair.ch\/wp-content\/uploads\/2018\/02\/easyflair-Barman-Jongleur-Domicile-Geneve-139.jpg\" \/>\n\t<meta property=\"og:image:width\" content=\"1200\" \/>\n\t<meta property=\"og:image:height\" content=\"675\" \/>\n<meta name=\"twitter:card\" content=\"summary_large_image\" \/>\n<script type=\"application\/ld+json\" class=\"yoast-schema-graph\">{\"@context\":\"https:\/\/schema.org\",\"@graph\":[{\"@type\":\"WebSite\",\"@id\":\"https:\/\/www.easyflair.ch\/fr\/#website\",\"url\":\"https:\/\/www.easyflair.ch\/fr\/\",\"name\":\"Easyflair\",\"description\":\"Service de barman jongleur \\u00e0 Gen\\u00e8ve et en Suisse\",\"potentialAction\":[{\"@type\":\"SearchAction\",\"target\":\"https:\/\/www.easyflair.ch\/fr\/?s={search_term_string}\",\"query-input\":\"required name=search_term_string\"}],\"inLanguage\":\"fr-FR\"},{\"@type\":\"ImageObject\",\"@id\":\"https:\/\/www.easyflair.ch\/fr\/degustation-virtuelle-whisky\/#primaryimage\",\"inLanguage\":\"fr-FR\",\"url\":\"https:\/\/www.easyflair.ch\/wp-content\/uploads\/2018\/02\/easyflair-Barman-Jongleur-Domicile-Geneve-139.jpg\",\"width\":1200,\"height\":675,\"caption\":\"Whiskey Tasting\"},{\"@type\":\"WebPage\",\"@id\":\"https:\/\/www.easyflair.ch\/fr\/degustation-virtuelle-whisky\/#webpage\",\"url\":\"https:\/\/www.easyflair.ch\/fr\/degustation-virtuelle-whisky\/\",\"name\":\"D\\u00e9gustation virtuelle de Whisky - Easyflair\",\"isPartOf\":{\"@id\":\"https:\/\/www.easyflair.ch\/fr\/#website\"},\"primaryImageOfPage\":{\"@id\":\"https:\/\/www.easyflair.ch\/fr\/degustation-virtuelle-whisky\/#primaryimage\"},\"datePublished\":\"2020-11-25T19:14:47+00:00\",\"dateModified\":\"2025-05-08T21:23:56+00:00\",\"description\":\"Easyflair, sp\\u00e9cialis\\u00e9 dans le service de barmans \\u00e0 domicile ou sur le lieu de votre choix \\u00e0 Gen\\u00e8ve et dans toute la Suisse, vous propose une d\\u00e9gustation de diff\\u00e9rentes gammes de whisky pour l'animation de votre soir\\u00e9e d'entreprise ou soir\\u00e9e priv\\u00e9e.\",\"inLanguage\":\"fr-FR\",\"potentialAction\":[{\"@type\":\"ReadAction\",\"target\":[\"https:\/\/www.easyflair.ch\/fr\/degustation-virtuelle-whisky\/\"]}]}]}<\/script>\n<!-- \/ Yoast SEO plugin. -->","_links":{"self":[{"href":"https:\/\/www.easyflair.ch\/fr\/wp-json\/wp\/v2\/pages\/17471"}],"collection":[{"href":"https:\/\/www.easyflair.ch\/fr\/wp-json\/wp\/v2\/pages"}],"about":[{"href":"https:\/\/www.easyflair.ch\/fr\/wp-json\/wp\/v2\/types\/page"}],"author":[{"embeddable":true,"href":"https:\/\/www.easyflair.ch\/fr\/wp-json\/wp\/v2\/users\/6"}],"replies":[{"embeddable":true,"href":"https:\/\/www.easyflair.ch\/fr\/wp-json\/wp\/v2\/comments?post=17471"}],"version-history":[{"count":8,"href":"https:\/\/www.easyflair.ch\/fr\/wp-json\/wp\/v2\/pages\/17471\/revisions"}],"predecessor-version":[{"id":27305,"href":"https:\/\/www.easyflair.ch\/fr\/wp-json\/wp\/v2\/pages\/17471\/revisions\/27305"}],"wp:featuredmedia":[{"embeddable":true,"href":"https:\/\/www.easyflair.ch\/fr\/wp-json\/wp\/v2\/media\/6971"}],"wp:attachment":[{"href":"https:\/\/www.easyflair.ch\/fr\/wp-json\/wp\/v2\/media?parent=17471"}],"curies":[{"name":"wp","href":"https:\/\/api.w.org\/{rel}","templated":true}]}}