{"id":16441,"date":"2020-05-16T09:38:36","date_gmt":"2020-05-16T08:38:36","guid":{"rendered":"https:\/\/www.easyflair.ch\/?page_id=16441"},"modified":"2025-05-08T22:24:00","modified_gmt":"2025-05-08T21:24:00","slug":"avis-clients","status":"publish","type":"page","link":"https:\/\/www.easyflair.ch\/fr\/avis-clients\/","title":{"rendered":"Avis clients"},"content":{"rendered":"<p><strong>Vous trouverez sur cette page tous nos retours clients, la satisfaction client\u00e8le est pour nous un enjeu majeur.<\/strong><br \/>\n<h2 class=\"glsr-title\">Ils nous ont fait confiance :<\/h2><div class=\"glsr glsr-default\" id=\"glsr_e7451b6e\" data-shortcode='' data-id='glsr_e7451b6e'><div class=\"glsr-summary-wrap\">\n    <div class=\"glsr-summary\">\n        <div class=\"glsr-summary-rating\"><span>4.8<\/span><\/div>\n        <div class=\"glsr-summary-stars\"><div class=\"glsr-star-rating glsr-stars\" data-rating=\"4.8\">\n    <span class=\"screen-reader-text\">Not\u00e9 <strong>4.8<\/strong> sur 5<\/span>\n    <div class=\"glsr-star glsr-star-full\" aria-hidden=\"true\"><\/div><div class=\"glsr-star glsr-star-full\" aria-hidden=\"true\"><\/div><div class=\"glsr-star glsr-star-full\" aria-hidden=\"true\"><\/div><div class=\"glsr-star glsr-star-full\" aria-hidden=\"true\"><\/div><div class=\"glsr-star glsr-star-half\" aria-hidden=\"true\"><\/div>\n<\/div><\/div>\n        <div class=\"glsr-summary-text\"><span>4.8 sur 5 \u00e9toiles (bas\u00e9 sur 101 avis)<\/span><\/div>\n        <div class=\"glsr-summary-percentages\"><div class=\"glsr-bar\"><span class=\"glsr-bar-label\">Excellent<\/span><span class=\"glsr-bar-background\"><span class=\"glsr-bar-background-percent\" style=\"width:78%\"><\/span><\/span><span class=\"glsr-bar-percent\">78%<\/span><\/div><div class=\"glsr-bar\"><span class=\"glsr-bar-label\">Tr\u00e8s bon<\/span><span class=\"glsr-bar-background\"><span class=\"glsr-bar-background-percent\" style=\"width:22%\"><\/span><\/span><span class=\"glsr-bar-percent\">22%<\/span><\/div><div class=\"glsr-bar\"><span class=\"glsr-bar-label\">Moyen<\/span><span class=\"glsr-bar-background\"><span class=\"glsr-bar-background-percent\" style=\"width:0%\"><\/span><\/span><span class=\"glsr-bar-percent\">0%<\/span><\/div><div class=\"glsr-bar\"><span class=\"glsr-bar-label\">Passable<\/span><span class=\"glsr-bar-background\"><span class=\"glsr-bar-background-percent\" style=\"width:0%\"><\/span><\/span><span class=\"glsr-bar-percent\">0%<\/span><\/div><div class=\"glsr-bar\"><span class=\"glsr-bar-label\">Critique<\/span><span class=\"glsr-bar-background\"><span class=\"glsr-bar-background-percent\" style=\"width:0%\"><\/span><\/span><span class=\"glsr-bar-percent\">0%<\/span><\/div><\/div>\n    <\/div>\n<\/div><\/div>\n<div class=\"glsr glsr-default\" id=\"glsr_3cdbfc0c\" data-shortcode='' data-display='6' data-id='glsr_3cdbfc0c' data-pagination='ajax'><div class=\"glsr-reviews-wrap\">\n    <div class=\"glsr-reviews\">\n        <div class=\"glsr-review\" data-type=\"local\" id=\"review-26478\" data-assigned='[]'>\n    <div class=\"glsr-review-title\"><h3>Un service professionnel\u00a0!!<\/h3><\/div>\n    <div class=\"glsr-review-rating\"><div class=\"glsr-star-rating glsr-stars\" data-rating=\"5\">\n    <span class=\"screen-reader-text\">Not\u00e9 <strong>5<\/strong> sur 5<\/span>\n    <div class=\"glsr-star glsr-star-full\" aria-hidden=\"true\"><\/div><div class=\"glsr-star glsr-star-full\" aria-hidden=\"true\"><\/div><div class=\"glsr-star glsr-star-full\" aria-hidden=\"true\"><\/div><div class=\"glsr-star glsr-star-full\" aria-hidden=\"true\"><\/div><div class=\"glsr-star glsr-star-full\" aria-hidden=\"true\"><\/div>\n<\/div><\/div>\n    <div class=\"glsr-review-date\"><span>17 d\u00e9cembre 2024<\/span><\/div>\n    \n    <div class=\"glsr-review-content\"><p>Si vous cherchez un service de bar pour un \u00e9v\u00e9nement. <br \/> Je recommande grandement Easy Flair pour leur professionnalisme et la qualit\u00e9 de leur prestation.<br \/> Allez-y les yeux ferm\u00e9s. Les invit\u00e9s appr\u00e9cieront leurs cr\u00e9ations de cocktails. <br \/> <\/p><\/div>\n    \n    <div class=\"glsr-review-author\"><span>Nicolas K<\/span><\/div>\n    \n<\/div>\n<div class=\"glsr-review\" data-type=\"local\" id=\"review-25768\" data-assigned='[]'>\n    <div class=\"glsr-review-title\"><h3>Super Barman!<\/h3><\/div>\n    <div class=\"glsr-review-rating\"><div class=\"glsr-star-rating glsr-stars\" data-rating=\"5\">\n    <span class=\"screen-reader-text\">Not\u00e9 <strong>5<\/strong> sur 5<\/span>\n    <div class=\"glsr-star glsr-star-full\" aria-hidden=\"true\"><\/div><div class=\"glsr-star glsr-star-full\" aria-hidden=\"true\"><\/div><div class=\"glsr-star glsr-star-full\" aria-hidden=\"true\"><\/div><div class=\"glsr-star glsr-star-full\" aria-hidden=\"true\"><\/div><div class=\"glsr-star glsr-star-full\" aria-hidden=\"true\"><\/div>\n<\/div><\/div>\n    <div class=\"glsr-review-date\"><span>1 octobre 2024<\/span><\/div>\n    \n    <div class=\"glsr-review-content\"><p>J\u2019avais command\u00e9 l\u2019option Bar avec de la fum\u00e9e comme animation, c\u2019\u00e9tait juste waouh <br \/> Super Cocktails, avec un super Barman !<br \/> C\u2019\u00e9tait juste g\u00e9nial<br \/> Bravo, bravo !<\/p><\/div>\n    \n    <div class=\"glsr-review-author\"><span>Lucie S<\/span><\/div>\n    \n<\/div>\n<div class=\"glsr-review\" data-type=\"local\" id=\"review-25207\" data-assigned='[]'>\n    <div class=\"glsr-review-title\"><h3>Tr\u00e8s satisfait!<\/h3><\/div>\n    <div class=\"glsr-review-rating\"><div class=\"glsr-star-rating glsr-stars\" data-rating=\"5\">\n    <span class=\"screen-reader-text\">Not\u00e9 <strong>5<\/strong> sur 5<\/span>\n    <div class=\"glsr-star glsr-star-full\" aria-hidden=\"true\"><\/div><div class=\"glsr-star glsr-star-full\" aria-hidden=\"true\"><\/div><div class=\"glsr-star glsr-star-full\" aria-hidden=\"true\"><\/div><div class=\"glsr-star glsr-star-full\" aria-hidden=\"true\"><\/div><div class=\"glsr-star glsr-star-full\" aria-hidden=\"true\"><\/div>\n<\/div><\/div>\n    <div class=\"glsr-review-date\"><span>28 juin 2024<\/span><\/div>\n    \n    <div class=\"glsr-review-content\"><p>Je tenais a vous remercier pour la prestation hier.<br \/> Tous les collaborateurs ont appreci\u00e9 le moment.<br \/> Les jus etaient originaux avec beaucoup de saveurs et de fraicheur.<br \/> Nous ne manquerons pas de faire a nouveau appel a vous pour un prochain evenement d\u2019entreprise.<br \/> Je recommanderai vos services avec plaisir.<\/p><\/div>\n    \n    <div class=\"glsr-review-author\"><span>Bertrand D<\/span><\/div>\n    \n<\/div>\n<div class=\"glsr-review\" data-type=\"local\" id=\"review-25177\" data-assigned='[]'>\n    <div class=\"glsr-review-title\"><h3>Jongleur impressionnant!<\/h3><\/div>\n    <div class=\"glsr-review-rating\"><div class=\"glsr-star-rating glsr-stars\" data-rating=\"5\">\n    <span class=\"screen-reader-text\">Not\u00e9 <strong>5<\/strong> sur 5<\/span>\n    <div class=\"glsr-star glsr-star-full\" aria-hidden=\"true\"><\/div><div class=\"glsr-star glsr-star-full\" aria-hidden=\"true\"><\/div><div class=\"glsr-star glsr-star-full\" aria-hidden=\"true\"><\/div><div class=\"glsr-star glsr-star-full\" aria-hidden=\"true\"><\/div><div class=\"glsr-star glsr-star-full\" aria-hidden=\"true\"><\/div>\n<\/div><\/div>\n    <div class=\"glsr-review-date\"><span>24 juin 2024<\/span><\/div>\n    \n    <div class=\"glsr-review-content\"><p>Cocktails et jonglage fut de la partie<br \/> Les convives ont ador\u00e9s <br \/> Cocktails succulents <br \/> Bravo Maxime !<\/p><\/div>\n    \n    <div class=\"glsr-review-author\"><span>Brigitte P<\/span><\/div>\n    \n<\/div>\n    <\/div>\n    <div class=\"glsr-pagination glsr-ajax-pagination\" data-display='6' data-id='glsr_3cdbfc0c' data-pagination='ajax'><div class=\"pagination\">\n    <nav class=\"navigation\" role=\"navigation\">\n        <h2 class=\"screen-reader-text\">Navigation Site Reviews<\/h2>\n        <div class=\"nav-links\">\n            <span aria-current=\"page\" class=\"page-numbers current\"><span class=\"meta-nav screen-reader-text\">Page <\/span>1<\/span>\n<a class=\"page-numbers\" href=\"https:\/\/www.easyflair.ch\/fr\/avis-clients\/?reviews-page=2\"><span class=\"meta-nav screen-reader-text\">Page <\/span>2<\/a>\n<span class=\"page-numbers dots\">\u2026<\/span>\n<a class=\"page-numbers\" href=\"https:\/\/www.easyflair.ch\/fr\/avis-clients\/?reviews-page=18\"><span class=\"meta-nav screen-reader-text\">Page <\/span>18<\/a>\n<a class=\"next page-numbers\" href=\"https:\/\/www.easyflair.ch\/fr\/avis-clients\/?reviews-page=2\">Page suivante \u2192<\/a>\n        <\/div>\n    <\/nav>\n    <div class=\"glsr-loader\"><div class=\"glsr-spinner\"><\/div><\/div>\n<\/div><\/div>\n<\/div><\/div>\n&nbsp;<\/p>\n<p style=\"text-align: center\"><strong>N&rsquo;h\u00e9sitez pas un instant, vous \u00eates passez par nos soins pour animer un de vos \u00e9v\u00e9nements, nous serons ravis d&rsquo;en prendre connaissance.<\/strong><\/p>\n<h2 class=\"glsr-title\">D\u00e9posez un avis<\/h2><div class=\"glsr glsr-default\" id=\"glsr_26f9684d\" data-shortcode='' data-id='glsr_26f9684d'><div class=\"glsr-form-wrap\">\n    <form class=\"glsr-review-form glsr-form\" method=\"post\" enctype=\"multipart\/form-data\">\n        <input name=\"site-reviews[_action]\" type=\"hidden\" value=\"submit-review\"><input name=\"site-reviews[_counter]\" type=\"hidden\" value=\"\"><input name=\"site-reviews[_nonce]\" type=\"hidden\" value=\"9254958881\"><input name=\"site-reviews[_post_id]\" type=\"hidden\" value=\"16441\"><input name=\"site-reviews[_referer]\" type=\"hidden\" value=\"\/fr\/wp-json\/wp\/v2\/pages\/16441\"><input name=\"site-reviews[assigned_posts]\" type=\"hidden\" value=\"\"><input name=\"site-reviews[assigned_terms]\" type=\"hidden\" value=\"\"><input name=\"site-reviews[assigned_users]\" type=\"hidden\" value=\"\"><input name=\"site-reviews[excluded]\" type=\"hidden\" value=\"\"><input name=\"site-reviews[form_id]\" type=\"hidden\" value=\"glsr_26f9684d\"><input name=\"site-reviews[terms_exist]\" type=\"hidden\" value=\"1\"><div class=\"glsr-field\" style=\"display:none;\"><label class=\"glsr-label glsr-label-text\" for=\"site-reviews-bad92ecf-glsr_26f9684d\"><span>Votre avis<\/span><\/label><input class=\"glsr-input glsr-input-text\" id=\"site-reviews-bad92ecf-glsr_26f9684d\" name=\"site-reviews[bad92ecf]\" type=\"text\" value=\"\"><\/div><div class=\"glsr-field glsr-field-rating glsr-required\" data-field=\"rating\">\n    <label class=\"glsr-label glsr-label-rating\" for=\"site-reviews-rating-glsr_26f9684d\"><span>Votre note g\u00e9n\u00e9rale<\/span><\/label>\n    <select class=\"glsr-select glsr-star-rating\" id=\"site-reviews-rating-glsr_26f9684d\" name=\"site-reviews[rating]\" required><option selected value=\"\">S\u00e9lectionnez une note<\/option><option value=\"5\">5 \u00e9toiles<\/option><option value=\"4\">4 \u00e9toiles<\/option><option value=\"3\">3 \u00e9toiles<\/option><option value=\"2\">2 \u00e9toiles<\/option><option value=\"1\">1 \u00e9toile<\/option><\/select>\n    <div class=\"glsr-field-error\"><\/div>\n<\/div><div class=\"glsr-field glsr-field-text glsr-required\" data-field=\"title\">\n    <label class=\"glsr-label glsr-label-text\" for=\"site-reviews-title-glsr_26f9684d\"><span>Titre de votre avis<\/span><\/label>\n    <input class=\"glsr-input glsr-input-text\" id=\"site-reviews-title-glsr_26f9684d\" name=\"site-reviews[title]\" type=\"text\" placeholder=\"R\u00e9sumez votre avis ou mettez en \u00e9vidence un d\u00e9tail int\u00e9ressant\" required value=\"\">\n    <div class=\"glsr-field-error\"><\/div>\n<\/div><div class=\"glsr-field glsr-field-textarea glsr-required\" data-field=\"content\">\n    <label class=\"glsr-label glsr-label-textarea\" for=\"site-reviews-content-glsr_26f9684d\"><span>Votre avis<\/span><\/label>\n    <textarea class=\"glsr-textarea\" id=\"site-reviews-content-glsr_26f9684d\" name=\"site-reviews[content]\" placeholder=\"R\u00e9digez votre avis...\" rows=\"5\" required><\/textarea>\n    <div class=\"glsr-field-error\"><\/div>\n<\/div><div class=\"glsr-field glsr-field-text glsr-required\" data-field=\"name\">\n    <label class=\"glsr-label glsr-label-text\" for=\"site-reviews-name-glsr_26f9684d\"><span>Votre Pr\u00e9nom et Nom<\/span><\/label>\n    <input class=\"glsr-input glsr-input-text\" id=\"site-reviews-name-glsr_26f9684d\" name=\"site-reviews[name]\" type=\"text\" placeholder=\"Renseignez votre Pr\u00e9nom et Nom\" required value=\"\">\n    <div class=\"glsr-field-error\"><\/div>\n<\/div><div class=\"glsr-field glsr-field-email glsr-required\" data-field=\"email\">\n    <label class=\"glsr-label glsr-label-email\" for=\"site-reviews-email-glsr_26f9684d\"><span>Votre email<\/span><\/label>\n    <input class=\"glsr-input glsr-input-email\" id=\"site-reviews-email-glsr_26f9684d\" name=\"site-reviews[email]\" type=\"email\" placeholder=\"Renseignez votre email\" required value=\"\">\n    <div class=\"glsr-field-error\"><\/div>\n<\/div><div class=\"glsr-field glsr-field-choice glsr-required\" data-field=\"terms\">\n    \n    <span class=\"glsr-field-toggle\">\n    <span class=\"glsr-toggle\">\n        <label for=\"site-reviews-terms-glsr_26f9684d-1\">Je certifie que cet avis est bas\u00e9 sur ma propre exp\u00e9rience et est v\u00e9ritable.<\/label>\n        <span class=\"glsr-toggle-switch\">\n            <input class=\"glsr-input-toggle\" id=\"site-reviews-terms-glsr_26f9684d-1\" name=\"site-reviews[terms]\" type=\"checkbox\" value=\"1\" required> &#8203; <!-- zero-space character used for alignment -->\n            <span class=\"glsr-toggle-track\"><\/span>\n        <\/span>\n    <\/span>\n<\/span>\n    <div class=\"glsr-field-error\"><\/div>\n<\/div>\n        <div class=\"glsr-form-message\">\n    \n<\/div>\n        <div data-field=\"submit-button\">\n    <button type=\"submit\" class=\"glsr-button button btn btn-primary\">\n        <span class=\"glsr-button-loading\"><\/span>\n        <span class=\"glsr-button-text\" data-text=\"D\u00e9posez votre avis\">D\u00e9posez votre avis<\/span>\n    <\/button>\n<\/div>\n    <\/form>\n<\/div><\/div>\n","protected":false},"excerpt":{"rendered":"<p>Vous trouverez sur cette page tous nos retours clients, la satisfaction client\u00e8le est pour nous un enjeu majeur. &nbsp; N&rsquo;h\u00e9sitez pas un instant, vous \u00eates passez par nos soins pour animer un de vos \u00e9v\u00e9nements, nous serons ravis d&rsquo;en prendre connaissance.<\/p>\n","protected":false},"author":6,"featured_media":0,"parent":0,"menu_order":0,"comment_status":"closed","ping_status":"closed","template":"","meta":{"_monsterinsights_skip_tracking":false,"_monsterinsights_sitenote_active":false,"_monsterinsights_sitenote_note":"","_monsterinsights_sitenote_category":0,"_joinchat":[]},"acf":[],"yoast_head":"<!-- This site is optimized with the Yoast SEO plugin v14.2 - https:\/\/yoast.com\/wordpress\/plugins\/seo\/ -->\n<title>Avis clients Easyflair \u2013 T\u00e9moignages sur nos prestations \u00e9v\u00e9nementielles en Suisse<\/title>\n<meta name=\"description\" content=\"D\u00e9couvrez les retours de nos clients sur nos services : barman flair, ateliers cocktails, bars mobiles et animations sur mesure pour vos \u00e9v\u00e9nements\u00a0en\u00a0Suisse.\" \/>\n<meta name=\"robots\" content=\"index, follow\" \/>\n<meta name=\"googlebot\" content=\"index, follow, max-snippet:-1, max-image-preview:large, max-video-preview:-1\" \/>\n<meta name=\"bingbot\" content=\"index, follow, max-snippet:-1, max-image-preview:large, max-video-preview:-1\" \/>\n<link rel=\"canonical\" href=\"https:\/\/www.easyflair.ch\/fr\/avis-clients\/\" \/>\n<meta property=\"og:locale\" content=\"fr_FR\" \/>\n<meta property=\"og:type\" content=\"article\" \/>\n<meta property=\"og:title\" content=\"Avis clients Easyflair \u2013 T\u00e9moignages sur nos prestations \u00e9v\u00e9nementielles en Suisse\" \/>\n<meta property=\"og:description\" content=\"D\u00e9couvrez les retours de nos clients sur nos services : barman flair, ateliers cocktails, bars mobiles et animations sur mesure pour vos \u00e9v\u00e9nements\u00a0en\u00a0Suisse.\" \/>\n<meta property=\"og:url\" content=\"https:\/\/www.easyflair.ch\/fr\/avis-clients\/\" \/>\n<meta property=\"og:site_name\" content=\"Easyflair\" \/>\n<meta property=\"article:modified_time\" content=\"2025-05-08T21:24:00+00:00\" \/>\n<meta name=\"twitter:card\" content=\"summary_large_image\" \/>\n<script type=\"application\/ld+json\" class=\"yoast-schema-graph\">{\"@context\":\"https:\/\/schema.org\",\"@graph\":[{\"@type\":\"WebSite\",\"@id\":\"https:\/\/www.easyflair.ch\/fr\/#website\",\"url\":\"https:\/\/www.easyflair.ch\/fr\/\",\"name\":\"Easyflair\",\"description\":\"Service de barman jongleur \\u00e0 Gen\\u00e8ve et en Suisse\",\"potentialAction\":[{\"@type\":\"SearchAction\",\"target\":\"https:\/\/www.easyflair.ch\/fr\/?s={search_term_string}\",\"query-input\":\"required name=search_term_string\"}],\"inLanguage\":\"fr-FR\"},{\"@type\":\"WebPage\",\"@id\":\"https:\/\/www.easyflair.ch\/fr\/avis-clients\/#webpage\",\"url\":\"https:\/\/www.easyflair.ch\/fr\/avis-clients\/\",\"name\":\"Avis clients Easyflair \\u2013 T\\u00e9moignages sur nos prestations \\u00e9v\\u00e9nementielles en Suisse\",\"isPartOf\":{\"@id\":\"https:\/\/www.easyflair.ch\/fr\/#website\"},\"datePublished\":\"2020-05-16T08:38:36+00:00\",\"dateModified\":\"2025-05-08T21:24:00+00:00\",\"description\":\"D\\u00e9couvrez les retours de nos clients sur nos services : barman flair, ateliers cocktails, bars mobiles et animations sur mesure pour vos \\u00e9v\\u00e9nements\\u00a0en\\u00a0Suisse.\",\"inLanguage\":\"fr-FR\",\"potentialAction\":[{\"@type\":\"ReadAction\",\"target\":[\"https:\/\/www.easyflair.ch\/fr\/avis-clients\/\"]}]}]}<\/script>\n<!-- \/ Yoast SEO plugin. -->","_links":{"self":[{"href":"https:\/\/www.easyflair.ch\/fr\/wp-json\/wp\/v2\/pages\/16441"}],"collection":[{"href":"https:\/\/www.easyflair.ch\/fr\/wp-json\/wp\/v2\/pages"}],"about":[{"href":"https:\/\/www.easyflair.ch\/fr\/wp-json\/wp\/v2\/types\/page"}],"author":[{"embeddable":true,"href":"https:\/\/www.easyflair.ch\/fr\/wp-json\/wp\/v2\/users\/6"}],"replies":[{"embeddable":true,"href":"https:\/\/www.easyflair.ch\/fr\/wp-json\/wp\/v2\/comments?post=16441"}],"version-history":[{"count":5,"href":"https:\/\/www.easyflair.ch\/fr\/wp-json\/wp\/v2\/pages\/16441\/revisions"}],"predecessor-version":[{"id":27308,"href":"https:\/\/www.easyflair.ch\/fr\/wp-json\/wp\/v2\/pages\/16441\/revisions\/27308"}],"wp:attachment":[{"href":"https:\/\/www.easyflair.ch\/fr\/wp-json\/wp\/v2\/media?parent=16441"}],"curies":[{"name":"wp","href":"https:\/\/api.w.org\/{rel}","templated":true}]}}